{"id":6,"date":"2019-11-26T12:22:54","date_gmt":"2019-11-26T12:22:54","guid":{"rendered":"https:\/\/demosites.io\/blogger-gb\/?page_id=5"},"modified":"2020-11-02T18:45:13","modified_gmt":"2020-11-02T18:45:13","slug":"582c1-blogger-gb-home","status":"publish","type":"page","link":"http:\/\/helianto.eu\/nidosconectados\/","title":{"rendered":"Nidos Conectados"},"content":{"rendered":"\t\t<div data-elementor-type=\"wp-page\" data-elementor-id=\"6\" class=\"elementor elementor-6\" data-elementor-settings=\"[]\">\n\t\t\t\t\t\t<div class=\"elementor-inner\">\n\t\t\t\t\t\t\t<div class=\"elementor-section-wrap\">\n\t\t\t\t\t\t\t<section class=\"elementor-section elementor-top-section elementor-element elementor-element-d1ae941 elementor-section-boxed elementor-section-height-default elementor-section-height-default\" data-id=\"d1ae941\" data-element_type=\"section\">\n\t\t\t\t\t\t<div class=\"elementor-container elementor-column-gap-default\">\n\t\t\t\t\t\t\t<div class=\"elementor-row\">\n\t\t\t\t\t<div class=\"elementor-column elementor-col-100 elementor-top-column elementor-element elementor-element-7ddc8b9\" data-id=\"7ddc8b9\" data-element_type=\"column\">\n\t\t\t<div class=\"elementor-column-wrap elementor-element-populated\">\n\t\t\t\t\t\t\t<div class=\"elementor-widget-wrap\">\n\t\t\t\t\t\t<div class=\"elementor-element elementor-element-124dda9 eael-dual-header-content-align-center elementor-widget elementor-widget-eael-dual-color-header\" data-id=\"124dda9\" data-element_type=\"widget\" data-widget_type=\"eael-dual-color-header.default\">\n\t\t\t\t<div class=\"elementor-widget-container\">\n\t\t\t\n\t\t        <div class=\"eael-dual-header\">\n\t\t\t\t<h1 class=\"title\"><span  class=\"lead solid-color\">NIDOS CONECTADOS<\/span> <span><\/span><\/h1>\n\t\t\t\t<span class=\"subtext\"><p>Un proyecto de concienciaci\u00f3n medioambiental, educativo y fomento de la ciencia ciudadana.<\/p><\/span>\n\t\t\t\t\t<span class=\"eael-dch-svg-icon\"><\/span>\t\t\t\t<\/div>\n\t\n\t\t\n\t\t\n\t\t\n\t\t\t\t<\/div>\n\t\t\t\t<\/div>\n\t\t\t\t\t\t<\/div>\n\t\t\t\t\t<\/div>\n\t\t<\/div>\n\t\t\t\t\t\t\t\t<\/div>\n\t\t\t\t\t<\/div>\n\t\t<\/section>\n\t\t\t\t<section class=\"elementor-section elementor-top-section elementor-element elementor-element-c6f6b5d elementor-section-full_width elementor-section-content-middle elementor-section-height-default elementor-section-height-default\" data-id=\"c6f6b5d\" data-element_type=\"section\">\n\t\t\t\t\t\t<div class=\"elementor-container elementor-column-gap-default\">\n\t\t\t\t\t\t\t<div class=\"elementor-row\">\n\t\t\t\t\t<div class=\"elementor-column elementor-col-33 elementor-top-column elementor-element elementor-element-300fc41\" data-id=\"300fc41\" data-element_type=\"column\">\n\t\t\t<div class=\"elementor-column-wrap elementor-element-populated\">\n\t\t\t\t\t\t\t<div class=\"elementor-widget-wrap\">\n\t\t\t\t\t\t<div class=\"elementor-element elementor-element-9663110 elementor-widget elementor-widget-image\" data-id=\"9663110\" data-element_type=\"widget\" data-widget_type=\"image.default\">\n\t\t\t\t<div class=\"elementor-widget-container\">\n\t\t\t\t\t\t\t\t<div class=\"elementor-image\">\n\t\t\t\t\t\t\t\t\t\t\t\t<img width=\"1024\" height=\"1024\" src=\"http:\/\/helianto.eu\/nidosconectados\/wp-content\/uploads\/2020\/10\/pajaro-en-casa-icono-cuadrado-1024x1024.jpg\" class=\"attachment-large size-large\" alt=\"\" loading=\"lazy\" srcset=\"http:\/\/helianto.eu\/nidosconectados\/wp-content\/uploads\/2020\/10\/pajaro-en-casa-icono-cuadrado-1024x1024.jpg 1024w, http:\/\/helianto.eu\/nidosconectados\/wp-content\/uploads\/2020\/10\/pajaro-en-casa-icono-cuadrado-300x300.jpg 300w, http:\/\/helianto.eu\/nidosconectados\/wp-content\/uploads\/2020\/10\/pajaro-en-casa-icono-cuadrado-150x150.jpg 150w, http:\/\/helianto.eu\/nidosconectados\/wp-content\/uploads\/2020\/10\/pajaro-en-casa-icono-cuadrado-768x768.jpg 768w, http:\/\/helianto.eu\/nidosconectados\/wp-content\/uploads\/2020\/10\/pajaro-en-casa-icono-cuadrado-1536x1536.jpg 1536w, http:\/\/helianto.eu\/nidosconectados\/wp-content\/uploads\/2020\/10\/pajaro-en-casa-icono-cuadrado.jpg 1686w\" sizes=\"(max-width: 1024px) 100vw, 1024px\" \/>\t\t\t\t\t\t\t\t\t\t\t\t\t\t<\/div>\n\t\t\t\t\t\t<\/div>\n\t\t\t\t<\/div>\n\t\t\t\t\t\t<\/div>\n\t\t\t\t\t<\/div>\n\t\t<\/div>\n\t\t\t\t<div class=\"elementor-column elementor-col-66 elementor-top-column elementor-element elementor-element-63bad98\" data-id=\"63bad98\" data-element_type=\"column\">\n\t\t\t<div class=\"elementor-column-wrap elementor-element-populated\">\n\t\t\t\t\t\t\t<div class=\"elementor-widget-wrap\">\n\t\t\t\t\t\t<div class=\"elementor-element elementor-element-be997f2 elementor-widget elementor-widget-eael-feature-list\" data-id=\"be997f2\" data-element_type=\"widget\" data-widget_type=\"eael-feature-list.default\">\n\t\t\t\t<div class=\"elementor-widget-container\">\n\t\t\t\t\t<div class=\"-icon-position-left -tablet-icon-position-left -mobile-icon-position-left\">\n\t\t\t<ul id=\"eael-feature-list-be997f2\" class=\"eael-feature-list-items circle stacked \">\n\t\t\t                <li class=\"eael-feature-list-item elementor-repeater-item-a57b262\">\n                    \n\t\t\t\t\t\t<div class=\"eael-feature-list-icon-box\">\n\t\t\t\t\t\t\t<div class=\"eael-feature-list-icon-inner\">\n\n\t\t\t\t\t\t\t\t<span class=\"eael-feature-list-icon fl-icon-0\">\n\n\t\t<i aria-hidden=\"true\" class=\"fas fa-check\"><\/i>\t\t\t\t\t\t\t\t<\/span>\n\t\t\t\t\t\t\t<\/div>\n\t\t\t\t\t\t<\/div>\n\t\t\t\t\t\t<div class=\"eael-feature-list-content-box\">\n\t\t\t\t\t\t\t<h3 class=\"eael-feature-list-title\"\t\t\t\t\t\t\t>Concienciaci\u00f3n medioambiental<\/h3\t\t\t\t\t\t>\n\t\t\t\t\t\t<p class=\"eael-feature-list-content\">El objetivo final es concienciar a la ciudadan\u00eda de la importancia de las aves, especialmente las insect\u00edvoras en entornos urbanos, d\u00e1ndolas a conocer as\u00ed como transmitiendo las importantes funciones que tienen en la biodiversidad. <\/p>\n\t\t\t\t\t\t<\/div>\n\n\t\t\t\t\t<\/li>\n\t\t\t\t                <li class=\"eael-feature-list-item elementor-repeater-item-8b4961f\">\n                    \n\t\t\t\t\t\t<div class=\"eael-feature-list-icon-box\">\n\t\t\t\t\t\t\t<div class=\"eael-feature-list-icon-inner\">\n\n\t\t\t\t\t\t\t\t<span class=\"eael-feature-list-icon fl-icon-1\">\n\n\t\t<i aria-hidden=\"true\" class=\"fas fa-check\"><\/i>\t\t\t\t\t\t\t\t<\/span>\n\t\t\t\t\t\t\t<\/div>\n\t\t\t\t\t\t<\/div>\n\t\t\t\t\t\t<div class=\"eael-feature-list-content-box\">\n\t\t\t\t\t\t\t<h3 class=\"eael-feature-list-title\"\t\t\t\t\t\t\t>Educativo<\/h3\t\t\t\t\t\t>\n\t\t\t\t\t\t<p class=\"eael-feature-list-content\">El proyecto incorpora una exposici\u00f3n que consta de 11 carteles as\u00ed como 5 cajas nido para diferentes especies que se ubican en los centros educativos que participan en el proyecto.<\/p>\n\t\t\t\t\t\t<\/div>\n\n\t\t\t\t\t<\/li>\n\t\t\t\t                <li class=\"eael-feature-list-item elementor-repeater-item-c0be883\">\n                    \n\t\t\t\t\t\t<div class=\"eael-feature-list-icon-box\">\n\t\t\t\t\t\t\t<div class=\"eael-feature-list-icon-inner\">\n\n\t\t\t\t\t\t\t\t<span class=\"eael-feature-list-icon fl-icon-2\">\n\n\t\t<i aria-hidden=\"true\" class=\"fas fa-check\"><\/i>\t\t\t\t\t\t\t\t<\/span>\n\t\t\t\t\t\t\t<\/div>\n\t\t\t\t\t\t<\/div>\n\t\t\t\t\t\t<div class=\"eael-feature-list-content-box\">\n\t\t\t\t\t\t\t<h3 class=\"eael-feature-list-title\"\t\t\t\t\t\t\t>Ciencia Ciudadana<\/h3\t\t\t\t\t\t>\n\t\t\t\t\t\t<p class=\"eael-feature-list-content\">El proyecto contiene elementos de motorizaci\u00f3n en tiempo real que permiten una participaci\u00f3n activa de la ciudadan\u00eda en el mismo, mediante el seguimiento de una serie de nidos a trav\u00e9s de la pagina web.<\/p>\n\t\t\t\t\t\t<\/div>\n\n\t\t\t\t\t<\/li>\n\t\t\t\t\t\t\t<\/ul>\n\t\t<\/div>\n\t\t\t\t<\/div>\n\t\t\t\t<\/div>\n\t\t\t\t\t\t<\/div>\n\t\t\t\t\t<\/div>\n\t\t<\/div>\n\t\t\t\t\t\t\t\t<\/div>\n\t\t\t\t\t<\/div>\n\t\t<\/section>\n\t\t\t\t<section class=\"elementor-section elementor-top-section elementor-element elementor-element-98b0c82 elementor-section-boxed elementor-section-height-default elementor-section-height-default\" data-id=\"98b0c82\" data-element_type=\"section\">\n\t\t\t\t\t\t<div class=\"elementor-container elementor-column-gap-default\">\n\t\t\t\t\t\t\t<div class=\"elementor-row\">\n\t\t\t\t\t<div class=\"elementor-column elementor-col-100 elementor-top-column elementor-element elementor-element-a944eb4\" data-id=\"a944eb4\" data-element_type=\"column\">\n\t\t\t<div class=\"elementor-column-wrap elementor-element-populated\">\n\t\t\t\t\t\t\t<div class=\"elementor-widget-wrap\">\n\t\t\t\t\t\t<div class=\"elementor-element elementor-element-3833b25 elementor-widget-divider--view-line_icon elementor-view-default elementor-widget-divider--element-align-center elementor-widget elementor-widget-divider\" data-id=\"3833b25\" data-element_type=\"widget\" data-widget_type=\"divider.default\">\n\t\t\t\t<div class=\"elementor-widget-container\">\n\t\t\t\t\t<div class=\"elementor-divider\">\n\t\t\t<span class=\"elementor-divider-separator\">\n\t\t\t\t\t\t\t<div class=\"elementor-icon elementor-divider__element\">\n\t\t\t\t\t<i aria-hidden=\"true\" class=\"fas fa-star\"><\/i><\/div>\n\t\t\t\t\t\t<\/span>\n\t\t<\/div>\n\t\t\t\t<\/div>\n\t\t\t\t<\/div>\n\t\t\t\t\t\t<\/div>\n\t\t\t\t\t<\/div>\n\t\t<\/div>\n\t\t\t\t\t\t\t\t<\/div>\n\t\t\t\t\t<\/div>\n\t\t<\/section>\n\t\t\t\t<section class=\"elementor-section elementor-top-section elementor-element elementor-element-76d5161 elementor-section-boxed elementor-section-height-default elementor-section-height-default\" data-id=\"76d5161\" data-element_type=\"section\">\n\t\t\t\t\t\t<div class=\"elementor-container elementor-column-gap-default\">\n\t\t\t\t\t\t\t<div class=\"elementor-row\">\n\t\t\t\t\t<div class=\"elementor-column elementor-col-100 elementor-top-column elementor-element elementor-element-6b65545\" data-id=\"6b65545\" data-element_type=\"column\">\n\t\t\t<div class=\"elementor-column-wrap elementor-element-populated\">\n\t\t\t\t\t\t\t<div class=\"elementor-widget-wrap\">\n\t\t\t\t\t\t<div class=\"elementor-element elementor-element-155caa0 eael-dual-header-content-align-center elementor-widget elementor-widget-eael-dual-color-header\" data-id=\"155caa0\" data-element_type=\"widget\" data-widget_type=\"eael-dual-color-header.default\">\n\t\t\t\t<div class=\"elementor-widget-container\">\n\t\t\t\n\t\t        <div class=\"eael-dual-header\">\n\t\t\t\t<h4 class=\"title\"><span  class=\"lead solid-color\">\u00bfQU\u00c9 ELEMENTOS COMPONEN EL PROYECTO <\/span> <span>&quot;NIDOS CONECTADOS&quot;?<\/span><\/h4>\n\t\t\t\t<span class=\"subtext\"><\/span>\n\t\t\t\t\t<span class=\"eael-dch-svg-icon\"><\/span>\t\t\t\t<\/div>\n\t\n\t\t\n\t\t\n\t\t\n\t\t\t\t<\/div>\n\t\t\t\t<\/div>\n\t\t\t\t\t\t<\/div>\n\t\t\t\t\t<\/div>\n\t\t<\/div>\n\t\t\t\t\t\t\t\t<\/div>\n\t\t\t\t\t<\/div>\n\t\t<\/section>\n\t\t\t\t<section class=\"elementor-section elementor-top-section elementor-element elementor-element-0f07c8c elementor-section-boxed elementor-section-height-default elementor-section-height-default\" data-id=\"0f07c8c\" data-element_type=\"section\">\n\t\t\t\t\t\t<div class=\"elementor-container elementor-column-gap-default\">\n\t\t\t\t\t\t\t<div class=\"elementor-row\">\n\t\t\t\t\t<div class=\"elementor-column elementor-col-100 elementor-top-column elementor-element elementor-element-d9619fe\" data-id=\"d9619fe\" data-element_type=\"column\">\n\t\t\t<div class=\"elementor-column-wrap elementor-element-populated\">\n\t\t\t\t\t\t\t<div class=\"elementor-widget-wrap\">\n\t\t\t\t\t\t<div class=\"elementor-element elementor-element-9ad8bbe elementor-widget elementor-widget-text-editor\" data-id=\"9ad8bbe\" data-element_type=\"widget\" data-widget_type=\"text-editor.default\">\n\t\t\t\t<div class=\"elementor-widget-container\">\n\t\t\t\t\t\t\t\t<div class=\"elementor-text-editor elementor-clearfix\">\n\t\t\t\t<p>Es un proyecto realizado por Helianto que cuenta con la financiaci\u00f3n del Gobierno de Navarra y la colaboraci\u00f3n de los Ayuntamientos de Arguedas, Ribaforada y Cortes, as\u00ed como los respectivos centros educativos de dichas localidades.<\/p>\t\t\t\t\t<\/div>\n\t\t\t\t\t\t<\/div>\n\t\t\t\t<\/div>\n\t\t\t\t\t\t<\/div>\n\t\t\t\t\t<\/div>\n\t\t<\/div>\n\t\t\t\t\t\t\t\t<\/div>\n\t\t\t\t\t<\/div>\n\t\t<\/section>\n\t\t\t\t<section class=\"elementor-section elementor-top-section elementor-element elementor-element-0451fc3 elementor-section-boxed elementor-section-height-default elementor-section-height-default\" data-id=\"0451fc3\" data-element_type=\"section\">\n\t\t\t\t\t\t<div class=\"elementor-container elementor-column-gap-default\">\n\t\t\t\t\t\t\t<div class=\"elementor-row\">\n\t\t\t\t\t<div class=\"elementor-column elementor-col-100 elementor-top-column elementor-element elementor-element-e307bbc\" data-id=\"e307bbc\" data-element_type=\"column\">\n\t\t\t<div class=\"elementor-column-wrap elementor-element-populated\">\n\t\t\t\t\t\t\t<div class=\"elementor-widget-wrap\">\n\t\t\t\t\t\t<div class=\"elementor-element elementor-element-545462b elementor-position-left elementor-vertical-align-middle elementor-widget elementor-widget-image-box\" data-id=\"545462b\" data-element_type=\"widget\" data-widget_type=\"image-box.default\">\n\t\t\t\t<div class=\"elementor-widget-container\">\n\t\t\t<div class=\"elementor-image-box-wrapper\"><figure class=\"elementor-image-box-img\"><a href=\"http:\/\/helianto.eu\/nidosconectados\/wp-content\/uploads\/2020\/11\/Image00031.jpg\"><img width=\"300\" height=\"225\" src=\"http:\/\/helianto.eu\/nidosconectados\/wp-content\/uploads\/2020\/11\/Image00031-300x225.jpg\" class=\"attachment-medium size-medium\" alt=\"\" loading=\"lazy\" \/><\/a><\/figure><div class=\"elementor-image-box-content\"><h3 class=\"elementor-image-box-title\"><a href=\"http:\/\/helianto.eu\/nidosconectados\/wp-content\/uploads\/2020\/11\/Image00031.jpg\">Instalaci\u00f3n de Cajas nido<\/a><\/h3><p class=\"elementor-image-box-description\">Se instalar\u00e1n un total de 45 cajas nido, 15 en cada una de las localidades participantes en el proyecto. Dicha instalaci\u00f3n contar\u00e1 con la participaci\u00f3n ciudadana y se realizar\u00e1 en unas jornadas divulgativas y de formaci\u00f3n y concienciaci\u00f3n medioambiental. El objetivo es que cada una de las cajas colocadas este apadrinada por uno o m\u00e1s vecinos de la localidad que hagan un seguimiento de la misma.<\/p><\/div><\/div>\t\t<\/div>\n\t\t\t\t<\/div>\n\t\t\t\t<div class=\"elementor-element elementor-element-4283e50 elementor-position-left elementor-vertical-align-middle elementor-widget elementor-widget-image-box\" data-id=\"4283e50\" data-element_type=\"widget\" data-widget_type=\"image-box.default\">\n\t\t\t\t<div class=\"elementor-widget-container\">\n\t\t\t<div class=\"elementor-image-box-wrapper\"><figure class=\"elementor-image-box-img\"><img width=\"300\" height=\"225\" src=\"http:\/\/helianto.eu\/nidosconectados\/wp-content\/uploads\/2020\/11\/Image00064-300x225.jpg\" class=\"attachment-medium size-medium\" alt=\"\" loading=\"lazy\" \/><\/figure><div class=\"elementor-image-box-content\"><h3 class=\"elementor-image-box-title\">Nidos monitorizados<\/h3><p class=\"elementor-image-box-description\">15 Cajas nidos van a estar monitorizados, con sensores de temperatura interna y externa, as\u00ed como un sensor l\u00e1ser infrarrojo que medir\u00e1 cada 10 minutos la altura del interior del nido, de este modo podemos saber en todo momento la situaci\u00f3n de la caja nido: vac\u00edo, nidificando, ocupado, con polluelos... etc Todo esto se podr\u00e1 comprobar a trav\u00e9s de esta p\u00e1gina web (cuando los nidos est\u00e9n instalados y activos).\nPara hacer este seguimiento se hace uso de una tecnolog\u00eda  creada para internet de las cosas: Lora y Lorawan.<\/p><\/div><\/div>\t\t<\/div>\n\t\t\t\t<\/div>\n\t\t\t\t<div class=\"elementor-element elementor-element-385e579 elementor-position-left elementor-vertical-align-middle elementor-widget elementor-widget-image-box\" data-id=\"385e579\" data-element_type=\"widget\" data-widget_type=\"image-box.default\">\n\t\t\t\t<div class=\"elementor-widget-container\">\n\t\t\t<div class=\"elementor-image-box-wrapper\"><figure class=\"elementor-image-box-img\"><a href=\"http:\/\/helianto.eu\/nidosconectados\/lora-lorawan\/\"><img width=\"300\" height=\"185\" src=\"http:\/\/helianto.eu\/nidosconectados\/wp-content\/uploads\/2020\/11\/Lora-300x185.png\" class=\"attachment-medium size-medium\" alt=\"\" loading=\"lazy\" \/><\/a><\/figure><div class=\"elementor-image-box-content\"><h3 class=\"elementor-image-box-title\"><a href=\"http:\/\/helianto.eu\/nidosconectados\/lora-lorawan\/\">Internet de las Cosas: LORAWAN Y TTN<\/a><\/h3><p class=\"elementor-image-box-description\">Para dar cobertura a los nodos instalados en cada uno de las cajas nidos monitorizadas, se ha tenido que instalar unos gateways (o puertas de enlace) que permiten interconectar dispositivos de ultra-bajo consumo LORA (los nodos) con internet, de este modo podemos hacer un seguimiento en tiempo real de los nidos, durante un amplio periodo de tiempo (unos 2 a\u00f1os) sin necesidad de sustituir las bater\u00edas.\nEstas antenas gateways est\u00e1n instaladas en los puntos m\u00e1s elevados de cada una de las localidades, y permiten su uso p\u00fablico gratuito para cualquier otro proyecto (como pueden ser control de sistemas de riego, motorizaci\u00f3n de consumo h\u00eddrico u otros), adem\u00e1s debido al alcance de esta tecnolog\u00eda, la cobertura no se limita solo a las localidades participantes, sino adem\u00e1s tambi\u00e9n a localidades cercanas.<\/p><\/div><\/div>\t\t<\/div>\n\t\t\t\t<\/div>\n\t\t\t\t<div class=\"elementor-element elementor-element-513e45f elementor-position-left elementor-vertical-align-middle elementor-widget elementor-widget-image-box\" data-id=\"513e45f\" data-element_type=\"widget\" data-widget_type=\"image-box.default\">\n\t\t\t\t<div class=\"elementor-widget-container\">\n\t\t\t<div class=\"elementor-image-box-wrapper\"><figure class=\"elementor-image-box-img\"><a href=\"http:\/\/helianto.eu\/nidosconectados\/wp-content\/uploads\/2020\/11\/que-comen-las-aves.jpg\"><img width=\"211\" height=\"300\" src=\"http:\/\/helianto.eu\/nidosconectados\/wp-content\/uploads\/2020\/11\/que-comen-las-aves-211x300.jpg\" class=\"attachment-medium size-medium\" alt=\"\" loading=\"lazy\" \/><\/a><\/figure><div class=\"elementor-image-box-content\"><h3 class=\"elementor-image-box-title\"><a href=\"http:\/\/helianto.eu\/nidosconectados\/wp-content\/uploads\/2020\/11\/que-comen-las-aves.jpg\">Exposici\u00f3n en centros educativos<\/a><\/h3><p class=\"elementor-image-box-description\">El proyecto se complementa con una exposici\u00f3n itinerante que pasar\u00e1 por los diferentes centros educativos que participan el el proyecto. Un total de 11 carteles de gran tama\u00f1o explican las caracter\u00edsticas de las aves, su morfolog\u00eda, qu\u00e9 comen, c\u00f3mo migran, que las amenaza y c\u00f3mo les podemos ayudar.\nLa exposici\u00f3n est\u00e1 enfocada a un p\u00fablico infantil (centr\u00e1ndose en el rango de 10-13 a\u00f1os), adicionalmente se incluyen 5 cajas nidos para diferentes especies, as\u00ed como la posibilidad de colocar alguna de las cajas nido (incluyendo las monitorizadas) en el centro educativo.<\/p><\/div><\/div>\t\t<\/div>\n\t\t\t\t<\/div>\n\t\t\t\t\t\t<\/div>\n\t\t\t\t\t<\/div>\n\t\t<\/div>\n\t\t\t\t\t\t\t\t<\/div>\n\t\t\t\t\t<\/div>\n\t\t<\/section>\n\t\t\t\t<section class=\"elementor-section elementor-top-section elementor-element elementor-element-8d49495 elementor-section-boxed elementor-section-height-default elementor-section-height-default\" data-id=\"8d49495\" data-element_type=\"section\">\n\t\t\t\t\t\t<div class=\"elementor-container elementor-column-gap-default\">\n\t\t\t\t\t\t\t<div class=\"elementor-row\">\n\t\t\t\t\t<div class=\"elementor-column elementor-col-100 elementor-top-column elementor-element elementor-element-c17ba79\" data-id=\"c17ba79\" data-element_type=\"column\">\n\t\t\t<div class=\"elementor-column-wrap elementor-element-populated\">\n\t\t\t\t\t\t\t<div class=\"elementor-widget-wrap\">\n\t\t\t\t\t\t<div class=\"elementor-element elementor-element-8ba24ab elementor-widget-divider--view-line_icon elementor-view-default elementor-widget-divider--element-align-center elementor-widget elementor-widget-divider\" data-id=\"8ba24ab\" data-element_type=\"widget\" data-widget_type=\"divider.default\">\n\t\t\t\t<div class=\"elementor-widget-container\">\n\t\t\t\t\t<div class=\"elementor-divider\">\n\t\t\t<span class=\"elementor-divider-separator\">\n\t\t\t\t\t\t\t<div class=\"elementor-icon elementor-divider__element\">\n\t\t\t\t\t<i aria-hidden=\"true\" class=\"fas fa-star\"><\/i><\/div>\n\t\t\t\t\t\t<\/span>\n\t\t<\/div>\n\t\t\t\t<\/div>\n\t\t\t\t<\/div>\n\t\t\t\t\t\t<\/div>\n\t\t\t\t\t<\/div>\n\t\t<\/div>\n\t\t\t\t\t\t\t\t<\/div>\n\t\t\t\t\t<\/div>\n\t\t<\/section>\n\t\t\t\t\t\t<\/div>\n\t\t\t\t\t\t<\/div>\n\t\t\t\t\t<\/div>\n\t\t","protected":false},"excerpt":{"rendered":"<p>NIDOS CONECTADOS Un proyecto de concienciaci\u00f3n medioambiental, educativo y fomento de la ciencia ciudadana. Concienciaci\u00f3n medioambiental El objetivo final es concienciar a la ciudadan\u00eda de la importancia de las aves, especialmente las insect\u00edvoras en entornos urbanos, d\u00e1ndolas a conocer as\u00ed como transmitiendo las importantes funciones que tienen en la biodiversidad. Educativo El proyecto incorpora una &#8230; <a title=\"Nidos Conectados\" class=\"read-more\" href=\"http:\/\/helianto.eu\/nidosconectados\/\" aria-label=\"M\u00e1s en Nidos Conectados\">Leer m\u00e1s<\/a><\/p>\n","protected":false},"author":1,"featured_media":0,"parent":0,"menu_order":0,"comment_status":"closed","ping_status":"closed","template":"elementor_header_footer","meta":[],"_links":{"self":[{"href":"http:\/\/helianto.eu\/nidosconectados\/wp-json\/wp\/v2\/pages\/6"}],"collection":[{"href":"http:\/\/helianto.eu\/nidosconectados\/wp-json\/wp\/v2\/pages"}],"about":[{"href":"http:\/\/helianto.eu\/nidosconectados\/wp-json\/wp\/v2\/types\/page"}],"author":[{"embeddable":true,"href":"http:\/\/helianto.eu\/nidosconectados\/wp-json\/wp\/v2\/users\/1"}],"replies":[{"embeddable":true,"href":"http:\/\/helianto.eu\/nidosconectados\/wp-json\/wp\/v2\/comments?post=6"}],"version-history":[{"count":35,"href":"http:\/\/helianto.eu\/nidosconectados\/wp-json\/wp\/v2\/pages\/6\/revisions"}],"predecessor-version":[{"id":546,"href":"http:\/\/helianto.eu\/nidosconectados\/wp-json\/wp\/v2\/pages\/6\/revisions\/546"}],"wp:attachment":[{"href":"http:\/\/helianto.eu\/nidosconectados\/wp-json\/wp\/v2\/media?parent=6"}],"curies":[{"name":"wp","href":"https:\/\/api.w.org\/{rel}","templated":true}]}}