{"id":129,"date":"2020-10-19T17:02:17","date_gmt":"2020-10-19T17:02:17","guid":{"rendered":"http:\/\/helianto.eu\/nidosconectados\/?page_id=129"},"modified":"2020-10-27T19:15:03","modified_gmt":"2020-10-27T19:15:03","slug":"lora-lorawan","status":"publish","type":"page","link":"http:\/\/helianto.eu\/nidosconectados\/lora-lorawan\/","title":{"rendered":"LORA-LORAWAN"},"content":{"rendered":"\t\t<div data-elementor-type=\"wp-page\" data-elementor-id=\"129\" class=\"elementor elementor-129\" data-elementor-settings=\"[]\">\n\t\t\t\t\t\t<div class=\"elementor-inner\">\n\t\t\t\t\t\t\t<div class=\"elementor-section-wrap\">\n\t\t\t\t\t\t\t<section class=\"elementor-section elementor-top-section elementor-element elementor-element-7ad03cc elementor-section-boxed elementor-section-height-default elementor-section-height-default\" data-id=\"7ad03cc\" data-element_type=\"section\">\n\t\t\t\t\t\t<div class=\"elementor-container elementor-column-gap-default\">\n\t\t\t\t\t\t\t<div class=\"elementor-row\">\n\t\t\t\t\t<div class=\"elementor-column elementor-col-100 elementor-top-column elementor-element elementor-element-2ee4cf6\" data-id=\"2ee4cf6\" data-element_type=\"column\">\n\t\t\t<div class=\"elementor-column-wrap elementor-element-populated\">\n\t\t\t\t\t\t\t<div class=\"elementor-widget-wrap\">\n\t\t\t\t\t\t<div class=\"elementor-element elementor-element-2db51ba elementor-widget elementor-widget-heading\" data-id=\"2db51ba\" data-element_type=\"widget\" data-widget_type=\"heading.default\">\n\t\t\t\t<div class=\"elementor-widget-container\">\n\t\t\t<h1 class=\"elementor-heading-title elementor-size-default\">LORA-LORAWAN<\/h1>\t\t<\/div>\n\t\t\t\t<\/div>\n\t\t\t\t\t\t<\/div>\n\t\t\t\t\t<\/div>\n\t\t<\/div>\n\t\t\t\t\t\t\t\t<\/div>\n\t\t\t\t\t<\/div>\n\t\t<\/section>\n\t\t\t\t<section class=\"elementor-section elementor-top-section elementor-element elementor-element-c310e09 elementor-section-boxed elementor-section-height-default elementor-section-height-default\" data-id=\"c310e09\" data-element_type=\"section\">\n\t\t\t\t\t\t<div class=\"elementor-container elementor-column-gap-default\">\n\t\t\t\t\t\t\t<div class=\"elementor-row\">\n\t\t\t\t\t<div class=\"elementor-column elementor-col-100 elementor-top-column elementor-element elementor-element-28e9673\" data-id=\"28e9673\" data-element_type=\"column\">\n\t\t\t<div class=\"elementor-column-wrap elementor-element-populated\">\n\t\t\t\t\t\t\t<div class=\"elementor-widget-wrap\">\n\t\t\t\t\t\t<div class=\"elementor-element elementor-element-f577ea9 elementor-widget elementor-widget-text-editor\" data-id=\"f577ea9\" data-element_type=\"widget\" data-widget_type=\"text-editor.default\">\n\t\t\t\t<div class=\"elementor-widget-container\">\n\t\t\t\t\t\t\t\t<div class=\"elementor-text-editor elementor-clearfix\">\n\t\t\t\t<p>Para desarrollar nidos conectados, hemos utilizado las tecnologias Lorawan y TTN, en concreto se han instalado<\/p>\n<ul>\n<li><strong>3 Gateways de largo alcance<\/strong> (uno en cada localidad colaboradora)<\/li>\n<li><strong>15 Nodos lora<\/strong> (5 nidos monitorizados en cada localidad)<\/li>\n<\/ul>\n<p>Pero&#8230; \u00bfque es Lora?, Lorawan o TTN????<\/p>\n<p><strong>LoRa<\/strong>\u00a0es una tecnolog\u00eda inal\u00e1mbrica (al igual que WiFi, Bluetooth, LTE, SigFox o Zigbee) que emplea un tipo de modulaci\u00f3n en radiofrecuencia patentado por\u00a0<a href=\"https:\/\/www.semtech.com\/\" target=\"_blank\" rel=\"noopener\">Semtech<\/a>,\u00a0una importante empresa fabricante de chips de radio. La tecnolog\u00eda de modulaci\u00f3n se denomina Chirp Spread Spectrum (o CSS)\u00a0y se emplea en comunicaciones militares y espaciales desde hace d\u00e9cadas.<\/p>\t\t\t\t\t<\/div>\n\t\t\t\t\t\t<\/div>\n\t\t\t\t<\/div>\n\t\t\t\t\t\t<\/div>\n\t\t\t\t\t<\/div>\n\t\t<\/div>\n\t\t\t\t\t\t\t\t<\/div>\n\t\t\t\t\t<\/div>\n\t\t<\/section>\n\t\t\t\t<section class=\"elementor-section elementor-top-section elementor-element elementor-element-32f9d44 elementor-section-boxed elementor-section-height-default elementor-section-height-default\" data-id=\"32f9d44\" data-element_type=\"section\">\n\t\t\t\t\t\t<div class=\"elementor-container elementor-column-gap-default\">\n\t\t\t\t\t\t\t<div class=\"elementor-row\">\n\t\t\t\t\t<div class=\"elementor-column elementor-col-100 elementor-top-column elementor-element elementor-element-57708c0\" data-id=\"57708c0\" data-element_type=\"column\">\n\t\t\t<div class=\"elementor-column-wrap elementor-element-populated\">\n\t\t\t\t\t\t\t<div class=\"elementor-widget-wrap\">\n\t\t\t\t\t\t<div class=\"elementor-element elementor-element-44d6bf1 animated-slow elementor-aspect-ratio-169 elementor-invisible elementor-widget elementor-widget-video\" data-id=\"44d6bf1\" data-element_type=\"widget\" data-settings=\"{&quot;youtube_url&quot;:&quot;https:\\\/\\\/youtu.be\\\/m6IvwcjcxQc&quot;,&quot;_animation&quot;:&quot;fadeIn&quot;,&quot;_animation_delay&quot;:2000,&quot;video_type&quot;:&quot;youtube&quot;,&quot;controls&quot;:&quot;yes&quot;,&quot;aspect_ratio&quot;:&quot;169&quot;}\" data-widget_type=\"video.default\">\n\t\t\t\t<div class=\"elementor-widget-container\">\n\t\t\t\t\t<div class=\"elementor-wrapper elementor-fit-aspect-ratio elementor-open-inline\">\n\t\t\t<div class=\"elementor-video\"><\/div>\t\t<\/div>\n\t\t\t\t<\/div>\n\t\t\t\t<\/div>\n\t\t\t\t\t\t<\/div>\n\t\t\t\t\t<\/div>\n\t\t<\/div>\n\t\t\t\t\t\t\t\t<\/div>\n\t\t\t\t\t<\/div>\n\t\t<\/section>\n\t\t\t\t<section class=\"elementor-section elementor-top-section elementor-element elementor-element-23f1cdb elementor-section-boxed elementor-section-height-default elementor-section-height-default\" data-id=\"23f1cdb\" data-element_type=\"section\">\n\t\t\t\t\t\t<div class=\"elementor-container elementor-column-gap-default\">\n\t\t\t\t\t\t\t<div class=\"elementor-row\">\n\t\t\t\t\t<div class=\"elementor-column elementor-col-100 elementor-top-column elementor-element elementor-element-bcfc7a2\" data-id=\"bcfc7a2\" data-element_type=\"column\">\n\t\t\t<div class=\"elementor-column-wrap elementor-element-populated\">\n\t\t\t\t\t\t\t<div class=\"elementor-widget-wrap\">\n\t\t\t\t\t\t<div class=\"elementor-element elementor-element-4049cab elementor-widget elementor-widget-text-editor\" data-id=\"4049cab\" data-element_type=\"widget\" data-widget_type=\"text-editor.default\">\n\t\t\t\t<div class=\"elementor-widget-container\">\n\t\t\t\t\t\t\t\t<div class=\"elementor-text-editor elementor-clearfix\">\n\t\t\t\t<p>En la actualidad, la <strong>tecnolog\u00eda\u00a0LoRa<\/strong>\u00a0est\u00e1 administrada por la \u201c<a href=\"https:\/\/lora-alliance.org\/\" target=\"_blank\" rel=\"noopener\">LoRa Alliance<\/a>\u201d, quien certifica a todo\u00a0fabricante de hardware que desee trabajar con esta tecnolog\u00eda.\u00a0<\/p>\n<table style=\"border-style: none;\" border=\"0\" cellspacing=\"0\" cellpadding=\"10\">\n<tbody>\n<tr>\n<td style=\"border-style: none;\"><img class=\"aligncenter\" src=\"https:\/\/www.catsensors.com\/imagen\/200\/124\/Decentlab\/LORA.jpg\" alt=\"logo LoRa\" width=\"200\" \/><\/td>\n<td>\n<p>Sus <strong>ventajas<\/strong>:<\/p>\n<ul>\n<li>Alta tolerancia a las interferencias<\/li>\n<li>Alta sensibilidad para recibir datos (-168dB)<\/li>\n<li>Basado en modulaci\u00f3n \u201cchirp\u201c<\/li>\n<li>Bajo Consumo (hasta 10 a\u00f1os con una bater\u00eda)<\/li>\n<li>Largo alcance 10 a 20 km<\/li>\n<li>Baja transferencia de datos (hasta 255 bytes)<\/li>\n<li>Conexi\u00f3n punto a punto<\/li>\n<\/ul>\n<\/td>\n<\/tr>\n<\/tbody>\n<\/table>\n<p>LoRa es una <strong>tecnolog\u00eda ideal para conexiones a grandes distancias y para redes de IoT<\/strong> en las que se necesiten sensores que no dispongan de corriente el\u00e9ctrica de red, teniendo grandes aplicaciones:\u00a0<\/p>\n<ul>\n<li>para\u00a0Smart Cities (ciudades inteligentes)<\/li>\n<li>en lugares con poca cobertura (c\u00f3mo explotaciones\u00a0agr\u00edcolas o ganaderas en el campo)<\/li>\n<li>para construir redes privadas de sensores y\/o actuadores.<\/li>\n<\/ul>\t\t\t\t\t<\/div>\n\t\t\t\t\t\t<\/div>\n\t\t\t\t<\/div>\n\t\t\t\t\t\t<\/div>\n\t\t\t\t\t<\/div>\n\t\t<\/div>\n\t\t\t\t\t\t\t\t<\/div>\n\t\t\t\t\t<\/div>\n\t\t<\/section>\n\t\t\t\t<section class=\"elementor-section elementor-top-section elementor-element elementor-element-52ad1d9 elementor-section-boxed elementor-section-height-default elementor-section-height-default\" data-id=\"52ad1d9\" data-element_type=\"section\">\n\t\t\t\t\t\t<div class=\"elementor-container elementor-column-gap-default\">\n\t\t\t\t\t\t\t<div class=\"elementor-row\">\n\t\t\t\t\t<div class=\"elementor-column elementor-col-100 elementor-top-column elementor-element elementor-element-030e0bf\" data-id=\"030e0bf\" data-element_type=\"column\">\n\t\t\t<div class=\"elementor-column-wrap elementor-element-populated\">\n\t\t\t\t\t\t\t<div class=\"elementor-widget-wrap\">\n\t\t\t\t\t\t<div class=\"elementor-element elementor-element-ba9dd2b elementor-widget elementor-widget-heading\" data-id=\"ba9dd2b\" data-element_type=\"widget\" data-widget_type=\"heading.default\">\n\t\t\t\t<div class=\"elementor-widget-container\">\n\t\t\t<h2 class=\"elementor-heading-title elementor-size-default\">LORAWAN-TTN<\/h2>\t\t<\/div>\n\t\t\t\t<\/div>\n\t\t\t\t\t\t<\/div>\n\t\t\t\t\t<\/div>\n\t\t<\/div>\n\t\t\t\t\t\t\t\t<\/div>\n\t\t\t\t\t<\/div>\n\t\t<\/section>\n\t\t\t\t<section class=\"elementor-section elementor-top-section elementor-element elementor-element-94b6c2f elementor-section-boxed elementor-section-height-default elementor-section-height-default\" data-id=\"94b6c2f\" data-element_type=\"section\">\n\t\t\t\t\t\t<div class=\"elementor-container elementor-column-gap-default\">\n\t\t\t\t\t\t\t<div class=\"elementor-row\">\n\t\t\t\t\t<div class=\"elementor-column elementor-col-100 elementor-top-column elementor-element elementor-element-5a7198d\" data-id=\"5a7198d\" data-element_type=\"column\">\n\t\t\t<div class=\"elementor-column-wrap elementor-element-populated\">\n\t\t\t\t\t\t\t<div class=\"elementor-widget-wrap\">\n\t\t\t\t\t\t<div class=\"elementor-element elementor-element-42f09e1 elementor-widget elementor-widget-text-editor\" data-id=\"42f09e1\" data-element_type=\"widget\" data-widget_type=\"text-editor.default\">\n\t\t\t\t<div class=\"elementor-widget-container\">\n\t\t\t\t\t\t\t\t<div class=\"elementor-text-editor elementor-clearfix\">\n\t\t\t\t<h4 id=\"lorawan\" class=\"sectionedit11\">LoRaWAN<\/h4>\n<div class=\"level2\">\n<p>Mientras que LoRa es la tecnolog\u00eda de transmisi\u00f3n, LoRaWan es una especificaci\u00f3n para redes de bajo consumo y \u00e1rea amplia LPWAN (<em>Low Power Wide Area Network<\/em>). Por lo que cuando oigas LoRaWan, no se trata de una simple comunicaci\u00f3n entre dos dispositivos LoRa, que tambi\u00e9n se puede hacer, sino de una conexi\u00f3n entre dispositivos LoRa y gateways e Internet.<\/p>\n<\/div>\n<h4 id=\"gateway\" class=\"sectionedit12\">Gateway<\/h4>\n<div class=\"level3\">\n<p>Un gateway LoRa es simplemente un dispositivo que tiene un m\u00f3dulo de transmisi\u00f3n LoRa y que redirige la informaci\u00f3n entre Internet y los nodos que se comuniquen con \u00e9l y viceversa. \u00a1En el caso de TTN un Gateway puede dar servicio a unos 1000 nodos!<\/p>\n<\/div>\n<h4 id=\"nodo\" class=\"sectionedit13\">Nodo<\/h4>\n<div class=\"level3\">\n<p>Un nodo se entiende como un dispositivo que env\u00eda o recibe informaci\u00f3n con un gateway.<\/p>\n<h2>\u00bfQue es TTN?<\/h2>\n<p>TTN son las siglas de <strong><a href=\"https:\/\/www.thethingsnetwork.org\/\">The Things Network<\/a><\/strong>, lo que en espa\u00f1ol se dir\u00eda <strong><em>La Red de las Cosas<\/em><\/strong>. Formando parte del <a href=\"https:\/\/es.wikipedia.org\/wiki\/Internet_de_las_cosas\">IoT<\/a> que est\u00e1 empezando a ponerse ya tanto de moda por las prestaciones que ofrece. La idea es obtener datos de sensores de forma inal\u00e1mbrica para poder almacenarlos, estudiarlos,\u00a0 visualizarlos o tomar acciones en funci\u00f3n de los mismos.<\/p>\n<p>Fue creada con la intenci\u00f3n de ofrecer una red de comunicaci\u00f3n abierta para simplificar la conexi\u00f3n del internet de las cosas. Sus caracter\u00edsticas ser\u00edan:<\/p>\n<ul>\n<li><strong>Red abierta: cualquiera que se registre en TTN puede conectarse a la red para obtener los datos de sus nodos.<\/strong><\/li>\n<li>Medio\/largo alcance: un gateway puede dar cobertura a varios kil\u00f3metros (dependiendo de su potencia, antena\u2026), esto se debe a el uso de LoRa\/LoRaWAN para realizar las comunicaciones con los nodos. Por ejemplo, la distancia m\u00e1xima de Wifi ronda los 100 metros (igualmente depende de potencia, etc.).<\/li>\n<li>Baja velocidad de transmisi\u00f3n: Como hemos dicho, est\u00e1 orientada al IoT de sensores principalmente. Y estos son elementos que, generalmente, producen pocos datos, por lo que no se necesita mucha velocidad de transmisi\u00f3n. Adem\u00e1s, al ser una red compartida por todos los usuarios, una restricci\u00f3n es que solo podremos transmitir durante el 1% del tiempo.<\/li>\n<li>Extensible: cualquiera puede instalar un gateway en una zona donde no haya cobertura para aumentar el espacio usable de la red.<\/li>\n<\/ul>\n<p>Visitando su <a href=\"https:\/\/www.thethingsnetwork.org\/\">web<\/a> (en ingl\u00e9s) podr\u00e9is obtener mucha m\u00e1s informaci\u00f3n,\u00a0 sobre todo lo que nos ofrece TTN.<\/p>\n<\/div>\t\t\t\t\t<\/div>\n\t\t\t\t\t\t<\/div>\n\t\t\t\t<\/div>\n\t\t\t\t\t\t<\/div>\n\t\t\t\t\t<\/div>\n\t\t<\/div>\n\t\t\t\t\t\t\t\t<\/div>\n\t\t\t\t\t<\/div>\n\t\t<\/section>\n\t\t\t\t\t\t<\/div>\n\t\t\t\t\t\t<\/div>\n\t\t\t\t\t<\/div>\n\t\t","protected":false},"excerpt":{"rendered":"<p>LORA-LORAWAN Para desarrollar nidos conectados, hemos utilizado las tecnologias Lorawan y TTN, en concreto se han instalado 3 Gateways de largo alcance (uno en cada localidad colaboradora) 15 Nodos lora (5 nidos monitorizados en cada localidad) Pero&#8230; \u00bfque es Lora?, Lorawan o TTN???? LoRa\u00a0es una tecnolog\u00eda inal\u00e1mbrica (al igual que WiFi, Bluetooth, LTE, SigFox o &#8230; <a title=\"LORA-LORAWAN\" class=\"read-more\" href=\"http:\/\/helianto.eu\/nidosconectados\/lora-lorawan\/\" aria-label=\"M\u00e1s en LORA-LORAWAN\">Leer m\u00e1s<\/a><\/p>\n","protected":false},"author":1,"featured_media":0,"parent":0,"menu_order":0,"comment_status":"closed","ping_status":"closed","template":"","meta":[],"_links":{"self":[{"href":"http:\/\/helianto.eu\/nidosconectados\/wp-json\/wp\/v2\/pages\/129"}],"collection":[{"href":"http:\/\/helianto.eu\/nidosconectados\/wp-json\/wp\/v2\/pages"}],"about":[{"href":"http:\/\/helianto.eu\/nidosconectados\/wp-json\/wp\/v2\/types\/page"}],"author":[{"embeddable":true,"href":"http:\/\/helianto.eu\/nidosconectados\/wp-json\/wp\/v2\/users\/1"}],"replies":[{"embeddable":true,"href":"http:\/\/helianto.eu\/nidosconectados\/wp-json\/wp\/v2\/comments?post=129"}],"version-history":[{"count":4,"href":"http:\/\/helianto.eu\/nidosconectados\/wp-json\/wp\/v2\/pages\/129\/revisions"}],"predecessor-version":[{"id":459,"href":"http:\/\/helianto.eu\/nidosconectados\/wp-json\/wp\/v2\/pages\/129\/revisions\/459"}],"wp:attachment":[{"href":"http:\/\/helianto.eu\/nidosconectados\/wp-json\/wp\/v2\/media?parent=129"}],"curies":[{"name":"wp","href":"https:\/\/api.w.org\/{rel}","templated":true}]}}