{"id":111,"date":"2020-10-19T16:25:58","date_gmt":"2020-10-19T16:25:58","guid":{"rendered":"http:\/\/helianto.eu\/nidosconectados\/?page_id=111"},"modified":"2020-11-01T18:27:47","modified_gmt":"2020-11-01T18:27:47","slug":"arguedas","status":"publish","type":"page","link":"http:\/\/helianto.eu\/nidosconectados\/arguedas\/","title":{"rendered":"Arguedas"},"content":{"rendered":"\t\t<div data-elementor-type=\"wp-page\" data-elementor-id=\"111\" class=\"elementor elementor-111\" data-elementor-settings=\"[]\">\n\t\t\t\t\t\t<div class=\"elementor-inner\">\n\t\t\t\t\t\t\t<div class=\"elementor-section-wrap\">\n\t\t\t\t\t\t\t<section class=\"elementor-section elementor-top-section elementor-element elementor-element-067841e elementor-section-boxed elementor-section-height-default elementor-section-height-default\" data-id=\"067841e\" data-element_type=\"section\">\n\t\t\t\t\t\t<div class=\"elementor-container elementor-column-gap-default\">\n\t\t\t\t\t\t\t<div class=\"elementor-row\">\n\t\t\t\t\t<div class=\"elementor-column elementor-col-100 elementor-top-column elementor-element elementor-element-94206ea\" data-id=\"94206ea\" data-element_type=\"column\">\n\t\t\t<div class=\"elementor-column-wrap elementor-element-populated\">\n\t\t\t\t\t\t\t<div class=\"elementor-widget-wrap\">\n\t\t\t\t\t\t<div class=\"elementor-element elementor-element-7f1cf67 elementor-widget elementor-widget-heading\" data-id=\"7f1cf67\" data-element_type=\"widget\" data-widget_type=\"heading.default\">\n\t\t\t\t<div class=\"elementor-widget-container\">\n\t\t\t<h2 class=\"elementor-heading-title elementor-size-default\">Nidos Arguedas<\/h2>\t\t<\/div>\n\t\t\t\t<\/div>\n\t\t\t\t\t\t<\/div>\n\t\t\t\t\t<\/div>\n\t\t<\/div>\n\t\t\t\t\t\t\t\t<\/div>\n\t\t\t\t\t<\/div>\n\t\t<\/section>\n\t\t\t\t<section class=\"elementor-section elementor-top-section elementor-element elementor-element-17ae555 elementor-section-boxed elementor-section-height-default elementor-section-height-default\" data-id=\"17ae555\" data-element_type=\"section\">\n\t\t\t\t\t\t<div class=\"elementor-container elementor-column-gap-default\">\n\t\t\t\t\t\t\t<div class=\"elementor-row\">\n\t\t\t\t\t<div class=\"elementor-column elementor-col-33 elementor-top-column elementor-element elementor-element-9c7c6c2\" data-id=\"9c7c6c2\" data-element_type=\"column\">\n\t\t\t<div class=\"elementor-column-wrap elementor-element-populated\">\n\t\t\t\t\t\t\t<div class=\"elementor-widget-wrap\">\n\t\t\t\t\t\t<div class=\"elementor-element elementor-element-97c057c elementor-widget elementor-widget-image\" data-id=\"97c057c\" data-element_type=\"widget\" data-widget_type=\"image.default\">\n\t\t\t\t<div class=\"elementor-widget-container\">\n\t\t\t\t\t\t\t\t<div class=\"elementor-image\">\n\t\t\t\t\t\t\t\t\t\t\t\t<img width=\"768\" height=\"1024\" src=\"http:\/\/helianto.eu\/nidosconectados\/wp-content\/uploads\/2020\/11\/Image00036-768x1024.jpg\" class=\"attachment-large size-large\" alt=\"\" loading=\"lazy\" srcset=\"http:\/\/helianto.eu\/nidosconectados\/wp-content\/uploads\/2020\/11\/Image00036-768x1024.jpg 768w, http:\/\/helianto.eu\/nidosconectados\/wp-content\/uploads\/2020\/11\/Image00036-225x300.jpg 225w, http:\/\/helianto.eu\/nidosconectados\/wp-content\/uploads\/2020\/11\/Image00036.jpg 900w\" sizes=\"(max-width: 768px) 100vw, 768px\" \/>\t\t\t\t\t\t\t\t\t\t\t\t\t\t<\/div>\n\t\t\t\t\t\t<\/div>\n\t\t\t\t<\/div>\n\t\t\t\t\t\t<\/div>\n\t\t\t\t\t<\/div>\n\t\t<\/div>\n\t\t\t\t<div class=\"elementor-column elementor-col-66 elementor-top-column elementor-element elementor-element-19646ec\" data-id=\"19646ec\" data-element_type=\"column\">\n\t\t\t<div class=\"elementor-column-wrap elementor-element-populated\">\n\t\t\t\t\t\t\t<div class=\"elementor-widget-wrap\">\n\t\t\t\t\t\t<div class=\"elementor-element elementor-element-992f453 elementor-widget elementor-widget-text-editor\" data-id=\"992f453\" data-element_type=\"widget\" data-widget_type=\"text-editor.default\">\n\t\t\t\t<div class=\"elementor-widget-container\">\n\t\t\t\t\t\t\t\t<div class=\"elementor-text-editor elementor-clearfix\">\n\t\t\t\t<p>Debido a la actual situaci\u00f3n generada por el COVID19, aunque el resto de elementos del proyecto (gateway, exposici\u00f3n, etc) est\u00e1n ya disponibles, el ayuntamiento de Arguedas ha considerado conveniente retrasar la instalaci\u00f3n de las cajas nidos a fechas en las que pueda organizarse una actividad en la que pueda haber una participaci\u00f3n ciudadana en la colocaci\u00f3n de los elementos asi como para poder desarrollar una jornada divulgativa sin ning\u00fan tipo de riesgos. <\/p>\n<p>En ese momento en el mapa adjunto podr\u00e1n comprobarse la ubicaci\u00f3n de las cajas nido, fotograf\u00edas de la instalaci\u00f3n, im\u00e1genes de quienes han apadrinado esa instalaci\u00f3n as\u00ed como el acceso a los datos en tiempo real de las cajas nido monitorizadas.<\/p>\n<p><img loading=\"lazy\" class=\"aligncenter size-medium wp-image-529\" src=\"http:\/\/helianto.eu\/nidosconectados\/wp-content\/uploads\/2020\/11\/covid-300x150.jpg\" alt=\"\" width=\"300\" height=\"150\" srcset=\"http:\/\/helianto.eu\/nidosconectados\/wp-content\/uploads\/2020\/11\/covid-300x150.jpg 300w, http:\/\/helianto.eu\/nidosconectados\/wp-content\/uploads\/2020\/11\/covid.jpg 318w\" sizes=\"(max-width: 300px) 100vw, 300px\" \/><\/p>\n<p>\u00a0<\/p>\t\t\t\t\t<\/div>\n\t\t\t\t\t\t<\/div>\n\t\t\t\t<\/div>\n\t\t\t\t\t\t<\/div>\n\t\t\t\t\t<\/div>\n\t\t<\/div>\n\t\t\t\t\t\t\t\t<\/div>\n\t\t\t\t\t<\/div>\n\t\t<\/section>\n\t\t\t\t<section class=\"elementor-section elementor-top-section elementor-element elementor-element-2c4fe8d elementor-section-boxed elementor-section-height-default elementor-section-height-default\" data-id=\"2c4fe8d\" data-element_type=\"section\">\n\t\t\t\t\t\t<div class=\"elementor-container elementor-column-gap-default\">\n\t\t\t\t\t\t\t<div class=\"elementor-row\">\n\t\t\t\t\t<div class=\"elementor-column elementor-col-100 elementor-top-column elementor-element elementor-element-a3cf00a\" data-id=\"a3cf00a\" data-element_type=\"column\">\n\t\t\t<div class=\"elementor-column-wrap elementor-element-populated\">\n\t\t\t\t\t\t\t<div class=\"elementor-widget-wrap\">\n\t\t\t\t\t\t<div class=\"elementor-element elementor-element-d0ac320 elementor-widget-divider--view-line_icon elementor-view-default elementor-widget-divider--element-align-center elementor-widget elementor-widget-divider\" data-id=\"d0ac320\" data-element_type=\"widget\" data-widget_type=\"divider.default\">\n\t\t\t\t<div class=\"elementor-widget-container\">\n\t\t\t\t\t<div class=\"elementor-divider\">\n\t\t\t<span class=\"elementor-divider-separator\">\n\t\t\t\t\t\t\t<div class=\"elementor-icon elementor-divider__element\">\n\t\t\t\t\t<i aria-hidden=\"true\" class=\"fas fa-star\"><\/i><\/div>\n\t\t\t\t\t\t<\/span>\n\t\t<\/div>\n\t\t\t\t<\/div>\n\t\t\t\t<\/div>\n\t\t\t\t\t\t<\/div>\n\t\t\t\t\t<\/div>\n\t\t<\/div>\n\t\t\t\t\t\t\t\t<\/div>\n\t\t\t\t\t<\/div>\n\t\t<\/section>\n\t\t\t\t<section class=\"elementor-section elementor-top-section elementor-element elementor-element-972e098 elementor-section-boxed elementor-section-height-default elementor-section-height-default\" data-id=\"972e098\" data-element_type=\"section\">\n\t\t\t\t\t\t<div class=\"elementor-container elementor-column-gap-default\">\n\t\t\t\t\t\t\t<div class=\"elementor-row\">\n\t\t\t\t\t<div class=\"elementor-column elementor-col-100 elementor-top-column elementor-element elementor-element-dbebf8b\" data-id=\"dbebf8b\" data-element_type=\"column\">\n\t\t\t<div class=\"elementor-column-wrap elementor-element-populated\">\n\t\t\t\t\t\t\t<div class=\"elementor-widget-wrap\">\n\t\t\t\t\t\t<div class=\"elementor-element elementor-element-0bb9d4e elementor-widget elementor-widget-text-editor\" data-id=\"0bb9d4e\" data-element_type=\"widget\" data-widget_type=\"text-editor.default\">\n\t\t\t\t<div class=\"elementor-widget-container\">\n\t\t\t\t\t\t\t\t<div class=\"elementor-text-editor elementor-clearfix\">\n\t\t\t\t<p><div id=\"lmm_19595146\" style=\"width:1200px;\" class=\"mapsmarker layermap layer-1\">\n<div id=\"lmm_panel_19595146\" class=\"lmm-panel\" style=\"background:#efefef;\">\n<div id=\"lmm_panel_api_19595146\" class=\"lmm-panel-api\"><a href=\"http:\/\/helianto.eu\/nidosconectados\/wp-content\/plugins\/leaflet-maps-marker\/leaflet-kml.php?layer=1&amp;name=show\" style=\"text-decoration:none;\" title=\"Exportar como KML para Google Earth\/Google Maps\"><img loading=\"lazy\" src=\"http:\/\/helianto.eu\/nidosconectados\/wp-content\/plugins\/leaflet-maps-marker\/inc\/img\/icon-kml.png\" width=\"14\" height=\"14\" alt=\"KML-Logo\" class=\"lmm-panel-api-images\" \/><\/a><a href=\"http:\/\/helianto.eu\/nidosconectados\/wp-content\/plugins\/leaflet-maps-marker\/leaflet-fullscreen.php?layer=1\" style=\"text-decoration:none;\" title=\"Abrir mapa independiente en modo pantalla completa\" target=\"_blank\"><img loading=\"lazy\" src=\"http:\/\/helianto.eu\/nidosconectados\/wp-content\/plugins\/leaflet-maps-marker\/inc\/img\/icon-fullscreen.png\" width=\"14\" height=\"14\" alt=\"Fullscreen-Logo\" class=\"lmm-panel-api-images\" \/><\/a><a href=\"http:\/\/helianto.eu\/nidosconectados\/wp-content\/plugins\/leaflet-maps-marker\/leaflet-georss.php?layer=1\" style=\"text-decoration:none;\" title=\"Exportar como GeoRSS\" target=\"_blank\"><img loading=\"lazy\" src=\"http:\/\/helianto.eu\/nidosconectados\/wp-content\/plugins\/leaflet-maps-marker\/inc\/img\/icon-georss.png\" width=\"14\" height=\"14\" alt=\"GeoRSS-Logo\" class=\"lmm-panel-api-images\" \/><\/a><\/div><div id=\"lmm_panel_text_19595146\" class=\"lmm-panel-text\" style=\"font-weight:bold;color:#373737;\">NIDOS ARGUEDAS<\/div>\n<\/div>\n<div id=\"lmm_map_19595146\" class=\"lmm-map\" style=\"background:#f6f6f6;border:1px solid #ccc;height:800px; overflow:hidden;padding:0;\"><p style=\"font-size:80%;color:#9f9e9e;margin-left:5px;\">cargando mapa &#8211; por favor, espere&#8230;<noscript><br\/><strong>El mapa no ha podido ser cargado &#8211; por favor, \u00a1active Javascript!<\/strong><br\/><a style=\"text-decoration:none;\" href=\"https:\/\/www.mapsmarker.com\/js-disabled\" target=\"_blank\">&rarr; m\u00e1s informaci\u00f3n<\/a><\/noscript><\/p><\/div>\n<div id=\"lmm_geo_tags_19595146\" class=\"lmm-geo-tags geo\">NIDOS ARGUEDAS: <span class=\"latitude\">42.175800<\/span>, <span class=\"longitude\">-1.597100<\/span><\/div>\n<script type=\"text\/javascript\">\n\/* Maps created with Leaflet Maps Marker - #1 mapping plugin for WordPress (www.mapsmarker.com) *\/\nvar layermap_1 = {};\n(function($) {\nlayermap_1 = new L.Map(\"lmm_map_19595146\", { dragging: true, touchZoom: true, scrollWheelZoom: true, doubleClickZoom: true, boxzoom: true, trackResize: true, worldCopyJump: false, closePopupOnClick: true, keyboard: true, keyboardPanOffset: 0, keyboardZoomOffset: 0, inertia: true, inertiaDeceleration: 3000, inertiaMaxSpeed: 1500, zoomControl: true, crs: L.CRS.EPSG3857});\nlayermap_1.attributionControl.setPrefix(\"<a href=\\\"https:\/\/www.mapsmarker.com\/go\\\" target=\\\"_blank\\\" title=\\\"Leaflet Maps Marker para WordPress - ayudando a compartir tus puntos y tracks favoritos\\\">MapsMarker.com<\/a> (<a href=\\\"http:\/\/www.leafletjs.com\\\" target=\\\"_blank\\\" title=\\\"Leaflet Maps Marker is based on Leaflet.js maintained by Vladimir Agafonkin\\\">Leaflet<\/a>\/<a href=\\\"https:\/\/mapicons.mapsmarker.com\\\" target=\\\"_blank\\\" title=\\\"0sa \u00edconos de la Maps Icons Collection mantenida por Nicol\u00e1s Mollet\\\">icons<\/a>)\");\nlayermap_1._layersMaxZoom = 21;\nvar osm_mapnik = new L.TileLayer(\"https:\/\/{s}.tile.openstreetmap.org\/{z}\/{x}\/{y}.png\", {maxZoom: 21, maxNativeZoom: 19, minZoom: 1, errorTileUrl: \"http:\/\/helianto.eu\/nidosconectados\/wp-content\/plugins\/leaflet-maps-marker\/inc\/img\/error-tile-image.png\", attribution: \"Mapa: &copy; <a href=\\\"https:\/\/www.openstreetmap.org\/copyright\\\" target=\\\"_blank\\\">Contribuidores de Openstreetmap<\/a>&nbsp;(<a href=\\\"https:\/\/www.openstreetmap.org\/edit?editor=id&amp;lat=42.175800&amp;lon=-1.597100&#038;zoom=15\\\" target=\\\"_blank\\\" title=\\\"ayuda a Openstreetmap.org a mejorar los detalles del mapa\\\">editar<\/a>)\", detectRetina: true});\nvar stamen_terrain = new L.TileLayer(\"https:\/\/stamen-tiles-{s}.a.ssl.fastly.net\/terrain\/{z}\/{x}\/{y}.png\", {maxZoom: 21, maxNativeZoom: 18, minZoom: 1, errorTileUrl: \"http:\/\/helianto.eu\/nidosconectados\/wp-content\/plugins\/leaflet-maps-marker\/inc\/img\/error-tile-image.png\", attribution: \"<a target=\\\"_blank\\\" href=\\\"http:\/\/maps.stamen.com\/\\\">mosaicos del mapa<\/a>: <a target=\\\"_blank\\\" href=\\\"http:\/\/stamen.com\\\">Stamen Design<\/a>, <a target=\\\"_blank\\\" href=\\\"https:\/\/creativecommons.org\/licenses\/by\/3.0\\\">CC BY 3.0<\/a>, Datos &copy <a target=\\\"blank\\\" href=\\\"https:\/\/www.openstreetmap.org\/copyright\\\">Contribuidores de Openstreetmap<\/a>&nbsp;(<a href=\\\"https:\/\/www.openstreetmap.org\/edit?editor=id&amp;lat=42.175800&amp;lon=-1.597100&#038;zoom=15\\\" target=\\\"_blank\\\" title=\\\"ayuda a Openstreetmap.org a mejorar los detalles del mapa\\\">editar<\/a>)\", detectRetina: true});\nvar stamen_toner = new L.TileLayer(\"https:\/\/stamen-tiles-{s}.a.ssl.fastly.net\/toner\/{z}\/{x}\/{y}.png\", {maxZoom: 21, maxNativeZoom: 20, minZoom: 1, errorTileUrl: \"http:\/\/helianto.eu\/nidosconectados\/wp-content\/plugins\/leaflet-maps-marker\/inc\/img\/error-tile-image.png\", attribution: \"<a target=\\\"_blank\\\" href=\\\"http:\/\/maps.stamen.com\/\\\">mosaicos del mapa<\/a>: <a target=\\\"_blank\\\" href=\\\"http:\/\/stamen.com\\\">Stamen Design<\/a>, <a target=\\\"_blank\\\" href=\\\"https:\/\/creativecommons.org\/licenses\/by\/3.0\\\">CC BY 3.0<\/a>, Datos &copy <a target=\\\"blank\\\" href=\\\"https:\/\/www.openstreetmap.org\/copyright\\\">Contribuidores de Openstreetmap<\/a>&nbsp;(<a href=\\\"https:\/\/www.openstreetmap.org\/edit?editor=id&amp;lat=42.175800&amp;lon=-1.597100&#038;zoom=15\\\" target=\\\"_blank\\\" title=\\\"ayuda a Openstreetmap.org a mejorar los detalles del mapa\\\">editar<\/a>)\", detectRetina: true});\nvar stamen_watercolor = new L.TileLayer(\"https:\/\/stamen-tiles-{s}.a.ssl.fastly.net\/watercolor\/{z}\/{x}\/{y}.jpg\", {maxZoom: 21, maxNativeZoom: 18, minZoom: 1, errorTileUrl: \"http:\/\/helianto.eu\/nidosconectados\/wp-content\/plugins\/leaflet-maps-marker\/inc\/img\/error-tile-image.png\", attribution: \"<a target=\\\"_blank\\\" href=\\\"http:\/\/maps.stamen.com\/\\\">mosaicos del mapa<\/a>: <a target=\\\"_blank\\\" href=\\\"http:\/\/stamen.com\\\">Stamen Design<\/a>, <a target=\\\"_blank\\\" href=\\\"https:\/\/creativecommons.org\/licenses\/by\/3.0\\\">CC BY 3.0<\/a>, Datos &copy <a target=\\\"blank\\\" href=\\\"https:\/\/www.openstreetmap.org\/copyright\\\">Contribuidores de Openstreetmap<\/a>&nbsp;(<a href=\\\"https:\/\/www.openstreetmap.org\/edit?editor=id&amp;lat=42.175800&amp;lon=-1.597100&#038;zoom=15\\\" target=\\\"_blank\\\" title=\\\"ayuda a Openstreetmap.org a mejorar los detalles del mapa\\\">editar<\/a>)\", detectRetina: true});\nvar ogdwien_basemap = new L.TileLayer(\"https:\/\/{s}.wien.gv.at\/basemap\/geolandbasemap\/normal\/google3857\/{z}\/{y}\/{x}.png\", {maxZoom: 21, maxNativeZoom: 19, minZoom: 1, attribution: \"Mapa: <a href=\\\"https:\/\/www.basemap.at\\\" target=\\\"_blank\\\" style=\\\"\\\">basemap.at<\/a>\", subdomains: [\"maps1\", \"maps2\", \"maps3\", \"maps4\"], detectRetina: true});\nvar ogdwien_satellite = new L.TileLayer(\"https:\/\/{s}.wien.gv.at\/basemap\/bmaporthofoto30cm\/normal\/google3857\/{z}\/{y}\/{x}.jpeg\", {maxZoom: 21, maxNativeZoom: 19, minZoom: 1, attribution: \"Mapa: <a href=\\\"https:\/\/www.basemap.at\\\" target=\\\"_blank\\\" style=\\\"\\\">basemap.at<\/a>\", subdomains: [\"maps1\", \"maps2\", \"maps3\", \"maps3\"], detectRetina: true});\nvar mapbox = new L.TileLayer(\"https:\/\/{s}.tiles.mapbox.com\/v3\/mapbox.blue-marble-topo-jul\/{z}\/{x}\/{y}.png\", {minZoom: 0, maxZoom: 21, maxNativeZoom: 8, errorTileUrl: \"http:\/\/helianto.eu\/nidosconectados\/wp-content\/plugins\/leaflet-maps-marker\/inc\/img\/error-tile-image.png\", attribution: \"MapBox\/NASA, <a href=\\\"http:\/\/www.mapbox.com\\\">http:\/\/www.mapbox.com<\/a>\", subdomains: [\"a\",\"b\",\"c\",\"d\"], detectRetina: true});\nvar mapbox2 = new L.TileLayer(\"https:\/\/{s}.tiles.mapbox.com\/v3\/mapbox.geography-class\/{z}\/{x}\/{y}.png\", {minZoom: 0, maxZoom: 21, maxNativeZoom: 8, errorTileUrl: \"http:\/\/helianto.eu\/nidosconectados\/wp-content\/plugins\/leaflet-maps-marker\/inc\/img\/error-tile-image.png\", attribution: \"MapBox, <a href=\\\"http:\/\/www.mapbox.com\\\">http:\/\/www.mapbox.com<\/a>\", subdomains: [\"a\",\"b\",\"c\",\"d\"], detectRetina: true});\nvar mapbox3 = new L.TileLayer(\"https:\/\/{s}.tiles.mapbox.com\/v3\/mapbox.natural-earth-1\/{z}\/{x}\/{y}.png\", {minZoom: 0, maxZoom: 21, maxNativeZoom: 6, errorTileUrl: \"http:\/\/helianto.eu\/nidosconectados\/wp-content\/plugins\/leaflet-maps-marker\/inc\/img\/error-tile-image.png\", attribution: \"MapBox, <a href=\\\"http:\/\/www.mapbox.com\\\">http:\/\/www.mapbox.com<\/a>\", subdomains: [\"a\",\"b\",\"c\",\"d\"], detectRetina: true});\nvar custom_basemap = new L.TileLayer(\"http:\/\/korona.geog.uni-heidelberg.de\/tiles\/adminb\/x={x}&y={y}&z={z}\", {maxZoom: 21, maxNativeZoom: 18, minZoom: 4, tms: false, errorTileUrl: \"http:\/\/helianto.eu\/nidosconectados\/wp-content\/plugins\/leaflet-maps-marker\/inc\/img\/error-tile-image.png\", attribution: \"Mapa: Map data \u00a9 <a href=\\\"http:\/\/openstreetmap.org\/\\\">OpenStreetMap contributors<\/a>, tiles: <a href=\\\"http:\/\/giscience.uni-hd.de\/\\\">GIScience Research Group @ University of Heidelberg<\/a>, cartography Maxim Rylov\", continuousWorld: false, noWrap: false, detectRetina: true});\nvar custom_basemap2 = new L.TileLayer(\"https:\/\/{s}.tile.opentopomap.org\/{z}\/{x}\/{y}.png\", {maxZoom: 21, maxNativeZoom: 17, minZoom: 1, tms: false, errorTileUrl: \"http:\/\/helianto.eu\/nidosconectados\/wp-content\/plugins\/leaflet-maps-marker\/inc\/img\/error-tile-image.png\", attribution: \"Mapa: Map: \u00a9 <a href=\\\"https:\/\/www.openstreetmap.org\/copyright\\\">OpenStreetMap contributors<\/a>, <a href=\\\"http:\/\/viewfinderpanoramas.org\\\">SRTM<\/a> | Map style: <a href=\\\"https:\/\/opentopomap.org\\\">OpenTopoMap<\/a> (<a href=\\\"http:\/\/creativecommons.org\/licenses\/by-sa\/3.0\\\">CC BY SA<\/a>)\", subdomains: [\"a\", \"b\", \"c\"], continuousWorld: false, noWrap: false, detectRetina: true});\nvar custom_basemap3 = new L.TileLayer(\"https:\/\/{s}.tile.openstreetmap.se\/hydda\/full\/{z}\/{x}\/{y}.png\", {maxZoom: 21, maxNativeZoom: 18, minZoom: 1, tms: false, errorTileUrl: \"http:\/\/helianto.eu\/nidosconectados\/wp-content\/plugins\/leaflet-maps-marker\/inc\/img\/error-tile-image.png\", attribution: \"Mapa: Tiles courtesy of <a href=\\\"http:\/\/openstreetmap.se\/\\\">OpenStreetMap Sweden<\/a>;, Map: \u00a9 <a href=\\\"https:\/\/www.openstreetmap.org\/copyright\\\">OpenStreetMap contributors<\/a>\", subdomains: [\"a\", \"b\", \"c\"], continuousWorld: false, noWrap: false, detectRetina: true});\nvar empty_basemap = new L.TileLayer(\"\");\nvar overlays_custom = new L.TileLayer(\"http:\/\/tile.lonvia.de\/hiking\/{z}\/{x}\/{y}.png\", {tms: false, errorTileUrl: \"http:\/\/helianto.eu\/nidosconectados\/wp-content\/plugins\/leaflet-maps-marker\/inc\/img\/error-tile-image.png\", attribution: \"Overlay: <a href=\\\"http:\/\/waymarkedtrails.org\/\\\">Lonvias Waymarked Trails<\/a>\", opacity: 1, maxZoom: 21, maxNativeZoom: 18, minZoom: 1, subdomains: [\"a\", \"b\", \"c\"], detectRetina: true});\nvar overlays_custom2 = new L.TileLayer(\"http:\/\/tile.lonvia.de\/cycling\/{z}\/{x}\/{y}.png\", {tms: false, errorTileUrl: \"http:\/\/helianto.eu\/nidosconectados\/wp-content\/plugins\/leaflet-maps-marker\/inc\/img\/error-tile-image.png\", attribution: \"Overlay: <a href=\\\"http:\/\/waymarkedtrails.org\/\\\">Lonvias Waymarked Trails<\/a>\", opacity: 1, maxZoom: 21, maxNativeZoom: 18, minZoom: 1, subdomains: [\"a\", \"b\", \"c\"], detectRetina: true});\nvar overlays_custom3 = new L.TileLayer(\"http:\/\/{s}.tile.openweathermap.org\/map\/rain\/{z}\/{x}\/{y}.png\", {tms: false, errorTileUrl: \"http:\/\/helianto.eu\/nidosconectados\/wp-content\/plugins\/leaflet-maps-marker\/inc\/img\/error-tile-image.png\", attribution: \"Map data: <a href=\\\"http:\/\/openweathermap.org\\\">OpenWeatherMap<\/a>\", opacity: 1, maxZoom: 21, maxNativeZoom: 18, minZoom: 1, subdomains: [\"a\", \"b\", \"c\"], detectRetina: true});\nvar overlays_custom4 = new L.TileLayer(\"http:\/\/{s}.tile.openweathermap.org\/map\/temp\/{z}\/{x}\/{y}.png\", {tms: false, errorTileUrl: \"http:\/\/helianto.eu\/nidosconectados\/wp-content\/plugins\/leaflet-maps-marker\/inc\/img\/error-tile-image.png\", attribution: \"Map data: <a href=\\\"http:\/\/openweathermap.org\\\">OpenWeatherMap<\/a>\", opacity: 1, maxZoom: 21, maxNativeZoom: 18, minZoom: 1, subdomains: [\"a\", \"b\", \"c\"], detectRetina: true});\nvar layersControl_layermap_1 = new L.Control.Layers(\n{'OpenStreetMap': osm_mapnik,'Stamen Terrain': stamen_terrain,'Stamen Toner': stamen_toner,'Stamen Watercolor': stamen_watercolor,'OpenMapSurfer': custom_basemap,'OpenTopoMap': custom_basemap2,'Hydda': custom_basemap3},\n{},\n{ collapsed: true } );\nlayermap_1.setView(new L.LatLng(42.175800, -1.597100), 15);\nlayermap_1.addLayer(osm_mapnik).addControl(layersControl_layermap_1);\nvar scale_layermap_1 = L.control.scale({position:'bottomleft', maxWidth: 100, metric: true, imperial: true, updateWhenIdle: false});\nscale_layermap_1.addTo(layermap_1);\nvar geojsonObj_layermap_1, mapIcon, marker_clickable, marker_title;\nvar xhReq_layermap_1 = new XMLHttpRequest();\nxhReq_layermap_1.open(\"GET\", \"http:\/\/helianto.eu\/nidosconectados\/wp-content\/plugins\/leaflet-maps-marker\/leaflet-geojson.php?layer=1&full=no&full_icon_url=no\", true);\nxhReq_layermap_1.onreadystatechange = function xhReq_19595146(e) { if (xhReq_layermap_1.readyState === 4) { if (xhReq_layermap_1.status === 200) {\nif (xhReq_layermap_1.responseText.indexOf('{\"type\"') != 0) {\r\n\tvar layermap_1_position = xhReq_layermap_1.responseText.indexOf('{\"type\"');\r\n\ttry { geojsonObj_layermap_1 = JSON.parse(xhReq_layermap_1.responseText.slice(layermap_1_position)); } catch (e) { console.log(\"Error - objeto inv\u00e1lido GeoJSON \"+e.message); }\n} else {\r\n\ttry { geojsonObj_layermap_1 = JSON.parse(xhReq_layermap_1.responseText); } catch (e) { console.log(\"Error - objeto inv\u00e1lido GeoJSON \"+e.message); }\n}\nL.geoJson(geojsonObj_layermap_1, {\n\t\tonEachFeature: function(feature, marker) {\n\t\t\tif (feature.properties.text != '') {\n\t\t\tmarker.bindPopup(feature.properties.text, {\n\t\t\tmaxWidth: 600, \n\t\t\tminWidth: 250, \n\t\t\tmaxHeight: 300, \n\t\t\tautoPan: true, \n\t\t\tcloseButton: true, \n\t\t\tautoPanPadding: new L.Point(5, 5)\n\t\t\t});\n\t\t\t}\n\t\t},\npointToLayer: function (feature, latlng) {\n if (feature.properties.iconUrl == undefined) {\n\tmapIcon = L.icon({ \n\t\ticonUrl: (feature.properties.icon != '') ? 'http:\/\/helianto.eu\/nidosconectados\/wp-content\/uploads\/leaflet-maps-marker-icons\/' + feature.properties.icon : 'http:\/\/helianto.eu\/nidosconectados\/wp-content\/plugins\/leaflet-maps-marker\/leaflet-dist\/images\/marker.png',\n\t\ticonSize: [32, 37],\n\t\ticonAnchor: [17, 36],\n\t\tpopupAnchor: [-1, -32],\n\t\tshadowUrl: 'http:\/\/helianto.eu\/nidosconectados\/wp-content\/plugins\/leaflet-maps-marker\/leaflet-dist\/images\/marker-shadow.png',\n\t\tshadowSize: [41, 41],\n\t\tshadowAnchor: [16, 43],\n\t\tclassName: (feature.properties.icon == '') ? 'lmm_marker_icon_default' : 'lmm_marker_icon_'+ feature.properties.icon.slice(0,-4)\n\t});\n} else {\n\tmapIcon = L.icon({ \n\t\ticonUrl: feature.properties.iconUrl,\n\t\ticonSize: [32, 37],\n\t\ticonAnchor: [17, 36],\n\t\tpopupAnchor: [-1, -32],\n\t\tshadowUrl: 'http:\/\/helianto.eu\/nidosconectados\/wp-content\/plugins\/leaflet-maps-marker\/leaflet-dist\/images\/marker-shadow.png',\n\t\tshadowSize: [41, 41],\n\t\tshadowAnchor: [16, 43],\n\t\tclassName: (feature.properties.icon == '') ? 'lmm_marker_icon_default' : 'lmm_marker_icon_'+ feature.properties.icon.slice(0,-4)\n\t});\n};\nif (feature.properties.text == '') { marker_clickable = false } else { marker_clickable = true };\nif (feature.properties.markername == '') { marker_title = '' } else { marker_title = feature.properties.markername };\nreturn L.marker(latlng, {icon: mapIcon, clickable: marker_clickable, title: marker_title, opacity: 1});\n}\n}).addTo(layermap_1);\n} else { if (window.console) { console.error(xhReq_layermap_1.statusText); } } } }; xhReq_layermap_1.onerror = function xhReq_19595146(e) { if (window.console) { console.error(xhReq_layermap_1.statusText); } }; xhReq_layermap_1.send(null);\n})(jQuery);\njQuery(document).ready( function($) {\r\nfunction resizeMap() {\r\n\tvar map = jQuery('#lmm_19595146');\r\n\t\tvar map_parent_size = jQuery('#lmm_19595146').parent().width();\r\n\tif( (map_parent_size >0) && (map_parent_size < 1200) ) {\r\n\t\tmap.css({ 'width': '100%'});\n\t\tlayermap_1.invalidateSize();\r\n\t}\n}\r\nresizeMap();\nif (typeof jQuery().modal == 'function') {\r\n\t\tlayermap_1.invalidateSize();\r\n\t\tjQuery('a[data-toggle=\"tab\"],.tabbed-area a,.nav-tabs a').on('shown.bs.tab', function (e) {\r\n\t\t\tlayermap_1.invalidateSize();\r\n\t\t});\r\n\t}\r\n\tif (typeof jQuery.ui != 'undefined') {\r\n\tlayermap_1.invalidateSize();\r\n\tjQuery('.ui-tabs').on('tabsactivate', function(event, ui) {\r\n\t\tlayermap_1.invalidateSize();\r\n\t});\r\n}\r\nif (typeof jQuery.mobile != 'undefined') {\r\n\tjQuery(document).bind('pageinit', function( event, data ){\r\n\t\tlayermap_1.invalidateSize();\r\n\t});\n}\n});\n<\/script>\n<\/div><\/p>\t\t\t\t\t<\/div>\n\t\t\t\t\t\t<\/div>\n\t\t\t\t<\/div>\n\t\t\t\t\t\t<\/div>\n\t\t\t\t\t<\/div>\n\t\t<\/div>\n\t\t\t\t\t\t\t\t<\/div>\n\t\t\t\t\t<\/div>\n\t\t<\/section>\n\t\t\t\t\t\t<\/div>\n\t\t\t\t\t\t<\/div>\n\t\t\t\t\t<\/div>\n\t\t","protected":false},"excerpt":{"rendered":"<p>Nidos Arguedas Debido a la actual situaci\u00f3n generada por el COVID19, aunque el resto de elementos del proyecto (gateway, exposici\u00f3n, etc) est\u00e1n ya disponibles, el ayuntamiento de Arguedas ha considerado conveniente retrasar la instalaci\u00f3n de las cajas nidos a fechas en las que pueda organizarse una actividad en la que pueda haber una participaci\u00f3n ciudadana &#8230; <a title=\"Arguedas\" class=\"read-more\" href=\"http:\/\/helianto.eu\/nidosconectados\/arguedas\/\" aria-label=\"M\u00e1s en Arguedas\">Leer m\u00e1s<\/a><\/p>\n","protected":false},"author":1,"featured_media":0,"parent":0,"menu_order":0,"comment_status":"closed","ping_status":"closed","template":"elementor_header_footer","meta":[],"_links":{"self":[{"href":"http:\/\/helianto.eu\/nidosconectados\/wp-json\/wp\/v2\/pages\/111"}],"collection":[{"href":"http:\/\/helianto.eu\/nidosconectados\/wp-json\/wp\/v2\/pages"}],"about":[{"href":"http:\/\/helianto.eu\/nidosconectados\/wp-json\/wp\/v2\/types\/page"}],"author":[{"embeddable":true,"href":"http:\/\/helianto.eu\/nidosconectados\/wp-json\/wp\/v2\/users\/1"}],"replies":[{"embeddable":true,"href":"http:\/\/helianto.eu\/nidosconectados\/wp-json\/wp\/v2\/comments?post=111"}],"version-history":[{"count":6,"href":"http:\/\/helianto.eu\/nidosconectados\/wp-json\/wp\/v2\/pages\/111\/revisions"}],"predecessor-version":[{"id":531,"href":"http:\/\/helianto.eu\/nidosconectados\/wp-json\/wp\/v2\/pages\/111\/revisions\/531"}],"wp:attachment":[{"href":"http:\/\/helianto.eu\/nidosconectados\/wp-json\/wp\/v2\/media?parent=111"}],"curies":[{"name":"wp","href":"https:\/\/api.w.org\/{rel}","templated":true}]}}