{"id":109,"date":"2020-10-19T15:58:18","date_gmt":"2020-10-19T15:58:18","guid":{"rendered":"http:\/\/helianto.eu\/nidosconectados\/?page_id=109"},"modified":"2020-10-30T19:49:33","modified_gmt":"2020-10-30T19:49:33","slug":"cajas-nido","status":"publish","type":"page","link":"http:\/\/helianto.eu\/nidosconectados\/cajas-nido\/","title":{"rendered":"Cajas nido"},"content":{"rendered":"\t\t<div data-elementor-type=\"wp-page\" data-elementor-id=\"109\" class=\"elementor elementor-109\" data-elementor-settings=\"[]\">\n\t\t\t\t\t\t<div class=\"elementor-inner\">\n\t\t\t\t\t\t\t<div class=\"elementor-section-wrap\">\n\t\t\t\t\t\t\t<section class=\"elementor-section elementor-top-section elementor-element elementor-element-14d434e elementor-section-boxed elementor-section-height-default elementor-section-height-default\" data-id=\"14d434e\" data-element_type=\"section\">\n\t\t\t\t\t\t<div class=\"elementor-container elementor-column-gap-default\">\n\t\t\t\t\t\t\t<div class=\"elementor-row\">\n\t\t\t\t\t<div class=\"elementor-column elementor-col-100 elementor-top-column elementor-element elementor-element-658b598\" data-id=\"658b598\" data-element_type=\"column\">\n\t\t\t<div class=\"elementor-column-wrap elementor-element-populated\">\n\t\t\t\t\t\t\t<div class=\"elementor-widget-wrap\">\n\t\t\t\t\t\t<div class=\"elementor-element elementor-element-0b2d198 elementor-widget elementor-widget-spacer\" data-id=\"0b2d198\" data-element_type=\"widget\" data-widget_type=\"spacer.default\">\n\t\t\t\t<div class=\"elementor-widget-container\">\n\t\t\t\t\t<div class=\"elementor-spacer\">\n\t\t\t<div class=\"elementor-spacer-inner\"><\/div>\n\t\t<\/div>\n\t\t\t\t<\/div>\n\t\t\t\t<\/div>\n\t\t\t\t\t\t<\/div>\n\t\t\t\t\t<\/div>\n\t\t<\/div>\n\t\t\t\t\t\t\t\t<\/div>\n\t\t\t\t\t<\/div>\n\t\t<\/section>\n\t\t\t\t<section class=\"elementor-section elementor-top-section elementor-element elementor-element-6e3fb1f elementor-section-boxed elementor-section-height-default elementor-section-height-default\" data-id=\"6e3fb1f\" data-element_type=\"section\">\n\t\t\t\t\t\t<div class=\"elementor-container elementor-column-gap-default\">\n\t\t\t\t\t\t\t<div class=\"elementor-row\">\n\t\t\t\t\t<div class=\"elementor-column elementor-col-100 elementor-top-column elementor-element elementor-element-a7258a6\" data-id=\"a7258a6\" data-element_type=\"column\">\n\t\t\t<div class=\"elementor-column-wrap elementor-element-populated\">\n\t\t\t\t\t\t\t<div class=\"elementor-widget-wrap\">\n\t\t\t\t\t\t<div class=\"elementor-element elementor-element-a4adcce elementor-widget elementor-widget-heading\" data-id=\"a4adcce\" data-element_type=\"widget\" data-widget_type=\"heading.default\">\n\t\t\t\t<div class=\"elementor-widget-container\">\n\t\t\t<h2 class=\"elementor-heading-title elementor-size-xxl\">Cajas nido<\/h2>\t\t<\/div>\n\t\t\t\t<\/div>\n\t\t\t\t\t\t<\/div>\n\t\t\t\t\t<\/div>\n\t\t<\/div>\n\t\t\t\t\t\t\t\t<\/div>\n\t\t\t\t\t<\/div>\n\t\t<\/section>\n\t\t\t\t<section class=\"elementor-section elementor-top-section elementor-element elementor-element-b4616e3 elementor-section-boxed elementor-section-height-default elementor-section-height-default\" data-id=\"b4616e3\" data-element_type=\"section\">\n\t\t\t\t\t\t<div class=\"elementor-container elementor-column-gap-default\">\n\t\t\t\t\t\t\t<div class=\"elementor-row\">\n\t\t\t\t\t<div class=\"elementor-column elementor-col-100 elementor-top-column elementor-element elementor-element-29a7bb7\" data-id=\"29a7bb7\" data-element_type=\"column\">\n\t\t\t<div class=\"elementor-column-wrap elementor-element-populated\">\n\t\t\t\t\t\t\t<div class=\"elementor-widget-wrap\">\n\t\t\t\t\t\t<div class=\"elementor-element elementor-element-5a30fd8 elementor-widget elementor-widget-spacer\" data-id=\"5a30fd8\" data-element_type=\"widget\" data-widget_type=\"spacer.default\">\n\t\t\t\t<div class=\"elementor-widget-container\">\n\t\t\t\t\t<div class=\"elementor-spacer\">\n\t\t\t<div class=\"elementor-spacer-inner\"><\/div>\n\t\t<\/div>\n\t\t\t\t<\/div>\n\t\t\t\t<\/div>\n\t\t\t\t\t\t<\/div>\n\t\t\t\t\t<\/div>\n\t\t<\/div>\n\t\t\t\t\t\t\t\t<\/div>\n\t\t\t\t\t<\/div>\n\t\t<\/section>\n\t\t\t\t<section class=\"elementor-section elementor-top-section elementor-element elementor-element-e545b06 elementor-section-boxed elementor-section-height-default elementor-section-height-default\" data-id=\"e545b06\" data-element_type=\"section\">\n\t\t\t\t\t\t<div class=\"elementor-container elementor-column-gap-default\">\n\t\t\t\t\t\t\t<div class=\"elementor-row\">\n\t\t\t\t\t<div class=\"elementor-column elementor-col-50 elementor-top-column elementor-element elementor-element-d67b928\" data-id=\"d67b928\" data-element_type=\"column\">\n\t\t\t<div class=\"elementor-column-wrap elementor-element-populated\">\n\t\t\t\t\t\t\t<div class=\"elementor-widget-wrap\">\n\t\t\t\t\t\t<div class=\"elementor-element elementor-element-296be41 elementor-widget elementor-widget-text-editor\" data-id=\"296be41\" data-element_type=\"widget\" data-widget_type=\"text-editor.default\">\n\t\t\t\t<div class=\"elementor-widget-container\">\n\t\t\t\t\t\t\t\t<div class=\"elementor-text-editor elementor-clearfix\">\n\t\t\t\t<p>\u00a0<\/p><p><span style=\"color: #808080;\">Debemos tener muy en cuenta que la caja nido es tan s\u00f3lo una medida paliativa ante un medio ambiente degradado.<span style=\"font-size: 12pt;\"><br \/><\/span><\/span><\/p><p><span style=\"color: #808080;\"><span style=\"font-size: 12pt;\">La<\/span> colocaci\u00f3n de cajas nido es la consecuencia de la falta de \u00e1rboles viejos con sus t\u00edpicos orificios, sobre todo en frondosas. Esto es t\u00edpico de masas forestales maduras. As\u00ed que no debemos olvidar la importancia de que existan bosques maduros. Plantar \u00e1rboles y respetar los ya existentes es favorecer a la mayor\u00eda de las formas de vida, incluida la de las personas<\/span>.<\/p>\t\t\t\t\t<\/div>\n\t\t\t\t\t\t<\/div>\n\t\t\t\t<\/div>\n\t\t\t\t\t\t<\/div>\n\t\t\t\t\t<\/div>\n\t\t<\/div>\n\t\t\t\t<div class=\"elementor-column elementor-col-50 elementor-top-column elementor-element elementor-element-b1ad010\" data-id=\"b1ad010\" data-element_type=\"column\">\n\t\t\t<div class=\"elementor-column-wrap elementor-element-populated\">\n\t\t\t\t\t\t\t<div class=\"elementor-widget-wrap\">\n\t\t\t\t\t\t<div class=\"elementor-element elementor-element-c859253 elementor-widget elementor-widget-image\" data-id=\"c859253\" data-element_type=\"widget\" data-widget_type=\"image.default\">\n\t\t\t\t<div class=\"elementor-widget-container\">\n\t\t\t\t\t\t\t\t<div class=\"elementor-image\">\n\t\t\t\t\t\t\t\t\t\t\t\t<img width=\"768\" height=\"510\" src=\"http:\/\/helianto.eu\/nidosconectados\/wp-content\/uploads\/2020\/10\/interior-caja-nido-768x510.jpg\" class=\"attachment-medium_large size-medium_large\" alt=\"\" loading=\"lazy\" srcset=\"http:\/\/helianto.eu\/nidosconectados\/wp-content\/uploads\/2020\/10\/interior-caja-nido-768x510.jpg 768w, http:\/\/helianto.eu\/nidosconectados\/wp-content\/uploads\/2020\/10\/interior-caja-nido-300x199.jpg 300w, http:\/\/helianto.eu\/nidosconectados\/wp-content\/uploads\/2020\/10\/interior-caja-nido-1024x680.jpg 1024w, http:\/\/helianto.eu\/nidosconectados\/wp-content\/uploads\/2020\/10\/interior-caja-nido-1536x1020.jpg 1536w, http:\/\/helianto.eu\/nidosconectados\/wp-content\/uploads\/2020\/10\/interior-caja-nido-2048x1360.jpg 2048w\" sizes=\"(max-width: 768px) 100vw, 768px\" \/>\t\t\t\t\t\t\t\t\t\t\t\t\t\t<\/div>\n\t\t\t\t\t\t<\/div>\n\t\t\t\t<\/div>\n\t\t\t\t\t\t<\/div>\n\t\t\t\t\t<\/div>\n\t\t<\/div>\n\t\t\t\t\t\t\t\t<\/div>\n\t\t\t\t\t<\/div>\n\t\t<\/section>\n\t\t\t\t<section class=\"elementor-section elementor-top-section elementor-element elementor-element-eb05626 elementor-section-boxed elementor-section-height-default elementor-section-height-default\" data-id=\"eb05626\" data-element_type=\"section\">\n\t\t\t\t\t\t<div class=\"elementor-container elementor-column-gap-default\">\n\t\t\t\t\t\t\t<div class=\"elementor-row\">\n\t\t\t\t\t<div class=\"elementor-column elementor-col-100 elementor-top-column elementor-element elementor-element-df8c2d1\" data-id=\"df8c2d1\" data-element_type=\"column\">\n\t\t\t<div class=\"elementor-column-wrap elementor-element-populated\">\n\t\t\t\t\t\t\t<div class=\"elementor-widget-wrap\">\n\t\t\t\t\t\t<div class=\"elementor-element elementor-element-2fac803 elementor-widget-divider--view-line_icon elementor-view-default elementor-widget-divider--element-align-center elementor-widget elementor-widget-divider\" data-id=\"2fac803\" data-element_type=\"widget\" data-widget_type=\"divider.default\">\n\t\t\t\t<div class=\"elementor-widget-container\">\n\t\t\t\t\t<div class=\"elementor-divider\">\n\t\t\t<span class=\"elementor-divider-separator\">\n\t\t\t\t\t\t\t<div class=\"elementor-icon elementor-divider__element\">\n\t\t\t\t\t<i aria-hidden=\"true\" class=\"fas fa-spa\"><\/i><\/div>\n\t\t\t\t\t\t<\/span>\n\t\t<\/div>\n\t\t\t\t<\/div>\n\t\t\t\t<\/div>\n\t\t\t\t\t\t<\/div>\n\t\t\t\t\t<\/div>\n\t\t<\/div>\n\t\t\t\t\t\t\t\t<\/div>\n\t\t\t\t\t<\/div>\n\t\t<\/section>\n\t\t\t\t<section class=\"elementor-section elementor-top-section elementor-element elementor-element-7fbf75c elementor-section-boxed elementor-section-height-default elementor-section-height-default\" data-id=\"7fbf75c\" data-element_type=\"section\">\n\t\t\t\t\t\t<div class=\"elementor-container elementor-column-gap-no\">\n\t\t\t\t\t\t\t<div class=\"elementor-row\">\n\t\t\t\t\t<div class=\"elementor-column elementor-col-50 elementor-top-column elementor-element elementor-element-a086e94\" data-id=\"a086e94\" data-element_type=\"column\">\n\t\t\t<div class=\"elementor-column-wrap elementor-element-populated\">\n\t\t\t\t\t\t\t<div class=\"elementor-widget-wrap\">\n\t\t\t\t\t\t<div class=\"elementor-element elementor-element-6220bcf elementor-widget elementor-widget-image\" data-id=\"6220bcf\" data-element_type=\"widget\" data-widget_type=\"image.default\">\n\t\t\t\t<div class=\"elementor-widget-container\">\n\t\t\t\t\t\t\t\t<div class=\"elementor-image\">\n\t\t\t\t\t\t\t\t\t\t\t\t<img width=\"1536\" height=\"1229\" src=\"http:\/\/helianto.eu\/nidosconectados\/wp-content\/uploads\/2020\/10\/CAJA-NIDO-SIMULA-APARTAMENTOS-1-1536x1229.jpg\" class=\"attachment-1536x1536 size-1536x1536\" alt=\"\" loading=\"lazy\" srcset=\"http:\/\/helianto.eu\/nidosconectados\/wp-content\/uploads\/2020\/10\/CAJA-NIDO-SIMULA-APARTAMENTOS-1-1536x1229.jpg 1536w, http:\/\/helianto.eu\/nidosconectados\/wp-content\/uploads\/2020\/10\/CAJA-NIDO-SIMULA-APARTAMENTOS-1-300x240.jpg 300w, http:\/\/helianto.eu\/nidosconectados\/wp-content\/uploads\/2020\/10\/CAJA-NIDO-SIMULA-APARTAMENTOS-1-1024x819.jpg 1024w, http:\/\/helianto.eu\/nidosconectados\/wp-content\/uploads\/2020\/10\/CAJA-NIDO-SIMULA-APARTAMENTOS-1-768x614.jpg 768w, http:\/\/helianto.eu\/nidosconectados\/wp-content\/uploads\/2020\/10\/CAJA-NIDO-SIMULA-APARTAMENTOS-1.jpg 1600w\" sizes=\"(max-width: 1536px) 100vw, 1536px\" \/>\t\t\t\t\t\t\t\t\t\t\t\t\t\t<\/div>\n\t\t\t\t\t\t<\/div>\n\t\t\t\t<\/div>\n\t\t\t\t\t\t<\/div>\n\t\t\t\t\t<\/div>\n\t\t<\/div>\n\t\t\t\t<div class=\"elementor-column elementor-col-50 elementor-top-column elementor-element elementor-element-60886f5\" data-id=\"60886f5\" data-element_type=\"column\">\n\t\t\t<div class=\"elementor-column-wrap elementor-element-populated\">\n\t\t\t\t\t\t\t<div class=\"elementor-widget-wrap\">\n\t\t\t\t\t\t<div class=\"elementor-element elementor-element-b8b48af elementor-widget elementor-widget-text-editor\" data-id=\"b8b48af\" data-element_type=\"widget\" data-widget_type=\"text-editor.default\">\n\t\t\t\t<div class=\"elementor-widget-container\">\n\t\t\t\t\t\t\t\t<div class=\"elementor-text-editor elementor-clearfix\">\n\t\t\t\t<h4 class=\"has-text-align-center\"><strong><span style=\"font-family: georgia, palatino, serif; color: #333333;\">COLOCACI\u00d3N CAJA NIDO<\/span><\/strong><\/h4><h6><strong><span style=\"font-family: georgia, palatino, serif; color: #333333;\">Ubicaci\u00f3n tranquila<\/span><\/strong><\/h6><p><span style=\"font-family: georgia, palatino, serif; color: #333333;\">En ciudad las colocaremos en zonas sin mucho tr\u00e1nsito de personas o veh\u00edculos que les puedan molestar.<\/span><\/p><p><span style=\"font-family: georgia, palatino, serif; color: #333333;\">En el caso de espacios abiertos como cultivos hortofrut\u00edcolas y bosques, intentaremos alejarlas de carreteras o pistas muy transitadas.<\/span><\/p><p><span style=\"font-family: georgia, palatino, serif; color: #333333;\">En la \u00e9poca de cr\u00eda es importante no molestarlos. Si tras dos temporadas la casita no ha sido ocupada, prueba a cambiarla de ubicaci\u00f3n.<\/span><\/p><h6><strong><span style=\"font-family: georgia, palatino, serif; color: #333333; font-size: 12pt;\">C\u00f3mo colocar las cajas nido<\/span><\/strong><\/h6><p><span style=\"font-family: georgia, palatino, serif; color: #333333;\">Las cajas nido deben ser colocadas en una parte del \u00e1rbol donde el follaje permite un vuelo c\u00f3modo de entrada y salida de las aves en per\u00edodo de cr\u00eda, pero lo suficientemente protegido de fuertes vientos y del sol del mediod\u00eda.<\/span><\/p><p><span style=\"font-family: georgia, palatino, serif; color: #333333;\">La entrada a la caja nido debe dar la espalda a los vientos dominantes para evitar la entrada de\u00a0 agua cuando llueva.<\/span><\/p><p><span style=\"font-family: georgia, palatino, serif; color: #333333;\">Estudiar la ubicaci\u00f3n de la caja para evitar que los gatos puedan depredar a la familia que vive en la caja nido, evitando que el gato pueda acechar la caja desde ramas cercanas.<\/span><\/p>\t\t\t\t\t<\/div>\n\t\t\t\t\t\t<\/div>\n\t\t\t\t<\/div>\n\t\t\t\t\t\t<\/div>\n\t\t\t\t\t<\/div>\n\t\t<\/div>\n\t\t\t\t\t\t\t\t<\/div>\n\t\t\t\t\t<\/div>\n\t\t<\/section>\n\t\t\t\t\t\t<\/div>\n\t\t\t\t\t\t<\/div>\n\t\t\t\t\t<\/div>\n\t\t","protected":false},"excerpt":{"rendered":"<p>Cajas nido \u00a0 Debemos tener muy en cuenta que la caja nido es tan s\u00f3lo una medida paliativa ante un medio ambiente degradado. La colocaci\u00f3n de cajas nido es la consecuencia de la falta de \u00e1rboles viejos con sus t\u00edpicos orificios, sobre todo en frondosas. Esto es t\u00edpico de masas forestales maduras. As\u00ed que no &#8230; <a title=\"Cajas nido\" class=\"read-more\" href=\"http:\/\/helianto.eu\/nidosconectados\/cajas-nido\/\" aria-label=\"M\u00e1s en Cajas nido\">Leer m\u00e1s<\/a><\/p>\n","protected":false},"author":1,"featured_media":0,"parent":0,"menu_order":0,"comment_status":"closed","ping_status":"closed","template":"elementor_header_footer","meta":[],"_links":{"self":[{"href":"http:\/\/helianto.eu\/nidosconectados\/wp-json\/wp\/v2\/pages\/109"}],"collection":[{"href":"http:\/\/helianto.eu\/nidosconectados\/wp-json\/wp\/v2\/pages"}],"about":[{"href":"http:\/\/helianto.eu\/nidosconectados\/wp-json\/wp\/v2\/types\/page"}],"author":[{"embeddable":true,"href":"http:\/\/helianto.eu\/nidosconectados\/wp-json\/wp\/v2\/users\/1"}],"replies":[{"embeddable":true,"href":"http:\/\/helianto.eu\/nidosconectados\/wp-json\/wp\/v2\/comments?post=109"}],"version-history":[{"count":17,"href":"http:\/\/helianto.eu\/nidosconectados\/wp-json\/wp\/v2\/pages\/109\/revisions"}],"predecessor-version":[{"id":478,"href":"http:\/\/helianto.eu\/nidosconectados\/wp-json\/wp\/v2\/pages\/109\/revisions\/478"}],"wp:attachment":[{"href":"http:\/\/helianto.eu\/nidosconectados\/wp-json\/wp\/v2\/media?parent=109"}],"curies":[{"name":"wp","href":"https:\/\/api.w.org\/{rel}","templated":true}]}}