{"id":101,"date":"2020-10-19T15:48:02","date_gmt":"2020-10-19T15:48:02","guid":{"rendered":"http:\/\/helianto.eu\/nidosconectados\/?page_id=101"},"modified":"2020-10-30T20:01:31","modified_gmt":"2020-10-30T20:01:31","slug":"la-migracion","status":"publish","type":"page","link":"http:\/\/helianto.eu\/nidosconectados\/la-migracion\/","title":{"rendered":"La migraci\u00f3n"},"content":{"rendered":"\t\t<div data-elementor-type=\"wp-page\" data-elementor-id=\"101\" class=\"elementor elementor-101\" data-elementor-settings=\"[]\">\n\t\t\t\t\t\t<div class=\"elementor-inner\">\n\t\t\t\t\t\t\t<div class=\"elementor-section-wrap\">\n\t\t\t\t\t\t\t<section class=\"elementor-section elementor-top-section elementor-element elementor-element-76d693d elementor-section-boxed elementor-section-height-default elementor-section-height-default\" data-id=\"76d693d\" data-element_type=\"section\">\n\t\t\t\t\t\t<div class=\"elementor-container elementor-column-gap-default\">\n\t\t\t\t\t\t\t<div class=\"elementor-row\">\n\t\t\t\t\t<div class=\"elementor-column elementor-col-100 elementor-top-column elementor-element elementor-element-b0f6194\" data-id=\"b0f6194\" data-element_type=\"column\">\n\t\t\t<div class=\"elementor-column-wrap elementor-element-populated\">\n\t\t\t\t\t\t\t<div class=\"elementor-widget-wrap\">\n\t\t\t\t\t\t<div class=\"elementor-element elementor-element-ce43ce1 elementor-widget elementor-widget-spacer\" data-id=\"ce43ce1\" data-element_type=\"widget\" data-widget_type=\"spacer.default\">\n\t\t\t\t<div class=\"elementor-widget-container\">\n\t\t\t\t\t<div class=\"elementor-spacer\">\n\t\t\t<div class=\"elementor-spacer-inner\"><\/div>\n\t\t<\/div>\n\t\t\t\t<\/div>\n\t\t\t\t<\/div>\n\t\t\t\t\t\t<\/div>\n\t\t\t\t\t<\/div>\n\t\t<\/div>\n\t\t\t\t\t\t\t\t<\/div>\n\t\t\t\t\t<\/div>\n\t\t<\/section>\n\t\t\t\t<section class=\"elementor-section elementor-top-section elementor-element elementor-element-69ac88e elementor-section-boxed elementor-section-height-default elementor-section-height-default\" data-id=\"69ac88e\" data-element_type=\"section\">\n\t\t\t\t\t\t<div class=\"elementor-container elementor-column-gap-default\">\n\t\t\t\t\t\t\t<div class=\"elementor-row\">\n\t\t\t\t\t<div class=\"elementor-column elementor-col-100 elementor-top-column elementor-element elementor-element-2943507\" data-id=\"2943507\" data-element_type=\"column\">\n\t\t\t<div class=\"elementor-column-wrap elementor-element-populated\">\n\t\t\t\t\t\t\t<div class=\"elementor-widget-wrap\">\n\t\t\t\t\t\t<div class=\"elementor-element elementor-element-dbbb85d elementor-widget elementor-widget-heading\" data-id=\"dbbb85d\" data-element_type=\"widget\" data-widget_type=\"heading.default\">\n\t\t\t\t<div class=\"elementor-widget-container\">\n\t\t\t<h2 class=\"elementor-heading-title elementor-size-xxl\">La migraci\u00f3n<\/h2>\t\t<\/div>\n\t\t\t\t<\/div>\n\t\t\t\t\t\t<\/div>\n\t\t\t\t\t<\/div>\n\t\t<\/div>\n\t\t\t\t\t\t\t\t<\/div>\n\t\t\t\t\t<\/div>\n\t\t<\/section>\n\t\t\t\t<section class=\"elementor-section elementor-top-section elementor-element elementor-element-ea96bbb elementor-section-boxed elementor-section-height-default elementor-section-height-default\" data-id=\"ea96bbb\" data-element_type=\"section\">\n\t\t\t\t\t\t<div class=\"elementor-container elementor-column-gap-default\">\n\t\t\t\t\t\t\t<div class=\"elementor-row\">\n\t\t\t\t\t<div class=\"elementor-column elementor-col-100 elementor-top-column elementor-element elementor-element-0ecb19a\" data-id=\"0ecb19a\" data-element_type=\"column\">\n\t\t\t<div class=\"elementor-column-wrap elementor-element-populated\">\n\t\t\t\t\t\t\t<div class=\"elementor-widget-wrap\">\n\t\t\t\t\t\t<div class=\"elementor-element elementor-element-74a25e0 elementor-widget elementor-widget-spacer\" data-id=\"74a25e0\" data-element_type=\"widget\" data-widget_type=\"spacer.default\">\n\t\t\t\t<div class=\"elementor-widget-container\">\n\t\t\t\t\t<div class=\"elementor-spacer\">\n\t\t\t<div class=\"elementor-spacer-inner\"><\/div>\n\t\t<\/div>\n\t\t\t\t<\/div>\n\t\t\t\t<\/div>\n\t\t\t\t\t\t<\/div>\n\t\t\t\t\t<\/div>\n\t\t<\/div>\n\t\t\t\t\t\t\t\t<\/div>\n\t\t\t\t\t<\/div>\n\t\t<\/section>\n\t\t\t\t<section class=\"elementor-section elementor-top-section elementor-element elementor-element-722fa9c elementor-section-boxed elementor-section-height-default elementor-section-height-default\" data-id=\"722fa9c\" data-element_type=\"section\">\n\t\t\t\t\t\t<div class=\"elementor-container elementor-column-gap-default\">\n\t\t\t\t\t\t\t<div class=\"elementor-row\">\n\t\t\t\t\t<div class=\"elementor-column elementor-col-33 elementor-top-column elementor-element elementor-element-2a37ed4\" data-id=\"2a37ed4\" data-element_type=\"column\">\n\t\t\t<div class=\"elementor-column-wrap elementor-element-populated\">\n\t\t\t\t\t\t\t<div class=\"elementor-widget-wrap\">\n\t\t\t\t\t\t<div class=\"elementor-element elementor-element-5c32f41 elementor-widget elementor-widget-image\" data-id=\"5c32f41\" data-element_type=\"widget\" data-widget_type=\"image.default\">\n\t\t\t\t<div class=\"elementor-widget-container\">\n\t\t\t\t\t\t\t\t<div class=\"elementor-image\">\n\t\t\t\t\t\t\t\t\t\t\t\t<img width=\"768\" height=\"1024\" src=\"http:\/\/helianto.eu\/nidosconectados\/wp-content\/uploads\/2020\/10\/CNIDO-CIGUENA-EN-CONSTRUCCION-768x1024.jpg\" class=\"attachment-large size-large\" alt=\"\" loading=\"lazy\" srcset=\"http:\/\/helianto.eu\/nidosconectados\/wp-content\/uploads\/2020\/10\/CNIDO-CIGUENA-EN-CONSTRUCCION-768x1024.jpg 768w, http:\/\/helianto.eu\/nidosconectados\/wp-content\/uploads\/2020\/10\/CNIDO-CIGUENA-EN-CONSTRUCCION-225x300.jpg 225w, http:\/\/helianto.eu\/nidosconectados\/wp-content\/uploads\/2020\/10\/CNIDO-CIGUENA-EN-CONSTRUCCION-1152x1536.jpg 1152w, http:\/\/helianto.eu\/nidosconectados\/wp-content\/uploads\/2020\/10\/CNIDO-CIGUENA-EN-CONSTRUCCION-1536x2048.jpg 1536w, http:\/\/helianto.eu\/nidosconectados\/wp-content\/uploads\/2020\/10\/CNIDO-CIGUENA-EN-CONSTRUCCION-scaled.jpg 1920w\" sizes=\"(max-width: 768px) 100vw, 768px\" \/>\t\t\t\t\t\t\t\t\t\t\t\t\t\t<\/div>\n\t\t\t\t\t\t<\/div>\n\t\t\t\t<\/div>\n\t\t\t\t\t\t<\/div>\n\t\t\t\t\t<\/div>\n\t\t<\/div>\n\t\t\t\t<div class=\"elementor-column elementor-col-66 elementor-top-column elementor-element elementor-element-5bccea0\" data-id=\"5bccea0\" data-element_type=\"column\">\n\t\t\t<div class=\"elementor-column-wrap elementor-element-populated\">\n\t\t\t\t\t\t\t<div class=\"elementor-widget-wrap\">\n\t\t\t\t\t\t<div class=\"elementor-element elementor-element-f00c27d elementor-widget elementor-widget-text-editor\" data-id=\"f00c27d\" data-element_type=\"widget\" data-widget_type=\"text-editor.default\">\n\t\t\t\t<div class=\"elementor-widget-container\">\n\t\t\t\t\t\t\t\t<div class=\"elementor-text-editor elementor-clearfix\">\n\t\t\t\t<p><span style=\"font-weight: 400; color: #808080;\">Las aves migradoras presentan unas \u00e1reas o cuarteles de cr\u00eda en primavera-verano donde se reproducen y unas \u00e1reas de invernada donde pasan el invierno. A los desplazamientos que se producen entre ambas se les denomina movimientos o viajes migratorios.<\/span><\/p><p><span style=\"font-weight: 400; color: #808080;\">Es un fen\u00f3meno muy com\u00fan en la naturaleza y de hecho hay muchas especies de mariposas, peces, murci\u00e9lagos o tortugas que son migradoras. Sin embargo, en el caso de las aves el medio a\u00e9reo empleado, la capacidad de volar y las grandes distancias recorridas por muchas especies hacen que en este grupo est\u00e9 particularmente bien representado. Mientras que los migradores de corta distancia pueden simplemente abandonar las \u00e1reas monta\u00f1osas para buscar inviernos m\u00e1s benignos en zonas m\u00e1s bajas, los de larga distancia recorren a menudo decenas de miles de kil\u00f3metros.<\/span><\/p><p><span style=\"font-weight: 400; color: #808080;\">Los movimientos migratorios se dividen en etapas ya que suelen durar varios d\u00edas o incluso semanas. Por ello, las aves deben parar a descansar y alimentarse en puntos adecuados que se denominan \u00e1reas de reposo o de sedimentaci\u00f3n.<\/span><\/p>\t\t\t\t\t<\/div>\n\t\t\t\t\t\t<\/div>\n\t\t\t\t<\/div>\n\t\t\t\t\t\t<\/div>\n\t\t\t\t\t<\/div>\n\t\t<\/div>\n\t\t\t\t\t\t\t\t<\/div>\n\t\t\t\t\t<\/div>\n\t\t<\/section>\n\t\t\t\t<section class=\"elementor-section elementor-top-section elementor-element elementor-element-b714ffc elementor-section-boxed elementor-section-height-default elementor-section-height-default\" data-id=\"b714ffc\" data-element_type=\"section\">\n\t\t\t\t\t\t<div class=\"elementor-container elementor-column-gap-default\">\n\t\t\t\t\t\t\t<div class=\"elementor-row\">\n\t\t\t\t\t<div class=\"elementor-column elementor-col-25 elementor-top-column elementor-element elementor-element-6372938\" data-id=\"6372938\" data-element_type=\"column\">\n\t\t\t<div class=\"elementor-column-wrap elementor-element-populated\">\n\t\t\t\t\t\t\t<div class=\"elementor-widget-wrap\">\n\t\t\t\t\t\t<div class=\"elementor-element elementor-element-b5c74e7 elementor-widget elementor-widget-image\" data-id=\"b5c74e7\" data-element_type=\"widget\" data-widget_type=\"image.default\">\n\t\t\t\t<div class=\"elementor-widget-container\">\n\t\t\t\t\t\t\t\t<div class=\"elementor-image\">\n\t\t\t\t\t\t\t\t\t\t\t\t<img width=\"1024\" height=\"680\" src=\"http:\/\/helianto.eu\/nidosconectados\/wp-content\/uploads\/2020\/10\/asc0351_crane-1024x680.jpg\" class=\"attachment-large size-large\" alt=\"\" loading=\"lazy\" srcset=\"http:\/\/helianto.eu\/nidosconectados\/wp-content\/uploads\/2020\/10\/asc0351_crane-1024x680.jpg 1024w, http:\/\/helianto.eu\/nidosconectados\/wp-content\/uploads\/2020\/10\/asc0351_crane-300x199.jpg 300w, http:\/\/helianto.eu\/nidosconectados\/wp-content\/uploads\/2020\/10\/asc0351_crane-768x510.jpg 768w, http:\/\/helianto.eu\/nidosconectados\/wp-content\/uploads\/2020\/10\/asc0351_crane-1536x1020.jpg 1536w, http:\/\/helianto.eu\/nidosconectados\/wp-content\/uploads\/2020\/10\/asc0351_crane.jpg 1600w\" sizes=\"(max-width: 1024px) 100vw, 1024px\" \/>\t\t\t\t\t\t\t\t\t\t\t\t\t\t<\/div>\n\t\t\t\t\t\t<\/div>\n\t\t\t\t<\/div>\n\t\t\t\t\t\t<\/div>\n\t\t\t\t\t<\/div>\n\t\t<\/div>\n\t\t\t\t<div class=\"elementor-column elementor-col-25 elementor-top-column elementor-element elementor-element-912ae3c\" data-id=\"912ae3c\" data-element_type=\"column\">\n\t\t\t<div class=\"elementor-column-wrap elementor-element-populated\">\n\t\t\t\t\t\t\t<div class=\"elementor-widget-wrap\">\n\t\t\t\t\t\t<div class=\"elementor-element elementor-element-a75afc1 elementor-widget elementor-widget-image\" data-id=\"a75afc1\" data-element_type=\"widget\" data-widget_type=\"image.default\">\n\t\t\t\t<div class=\"elementor-widget-container\">\n\t\t\t\t\t\t\t\t<div class=\"elementor-image\">\n\t\t\t\t\t\t\t\t\t\t\t\t<img width=\"640\" height=\"426\" src=\"http:\/\/helianto.eu\/nidosconectados\/wp-content\/uploads\/2020\/10\/birds_in_migration.jpg\" class=\"attachment-large size-large\" alt=\"\" loading=\"lazy\" srcset=\"http:\/\/helianto.eu\/nidosconectados\/wp-content\/uploads\/2020\/10\/birds_in_migration.jpg 640w, http:\/\/helianto.eu\/nidosconectados\/wp-content\/uploads\/2020\/10\/birds_in_migration-300x200.jpg 300w\" sizes=\"(max-width: 640px) 100vw, 640px\" \/>\t\t\t\t\t\t\t\t\t\t\t\t\t\t<\/div>\n\t\t\t\t\t\t<\/div>\n\t\t\t\t<\/div>\n\t\t\t\t\t\t<\/div>\n\t\t\t\t\t<\/div>\n\t\t<\/div>\n\t\t\t\t<div class=\"elementor-column elementor-col-25 elementor-top-column elementor-element elementor-element-f935721\" data-id=\"f935721\" data-element_type=\"column\">\n\t\t\t<div class=\"elementor-column-wrap elementor-element-populated\">\n\t\t\t\t\t\t\t<div class=\"elementor-widget-wrap\">\n\t\t\t\t\t\t<div class=\"elementor-element elementor-element-07b1002 elementor-widget elementor-widget-image\" data-id=\"07b1002\" data-element_type=\"widget\" data-widget_type=\"image.default\">\n\t\t\t\t<div class=\"elementor-widget-container\">\n\t\t\t\t\t\t\t\t<div class=\"elementor-image\">\n\t\t\t\t\t\t\t\t\t\t\t\t<img width=\"1024\" height=\"689\" src=\"http:\/\/helianto.eu\/nidosconectados\/wp-content\/uploads\/2020\/10\/pintails-1024x689.jpg\" class=\"attachment-large size-large\" alt=\"\" loading=\"lazy\" srcset=\"http:\/\/helianto.eu\/nidosconectados\/wp-content\/uploads\/2020\/10\/pintails-1024x689.jpg 1024w, http:\/\/helianto.eu\/nidosconectados\/wp-content\/uploads\/2020\/10\/pintails-300x202.jpg 300w, http:\/\/helianto.eu\/nidosconectados\/wp-content\/uploads\/2020\/10\/pintails-768x517.jpg 768w, http:\/\/helianto.eu\/nidosconectados\/wp-content\/uploads\/2020\/10\/pintails-1536x1034.jpg 1536w, http:\/\/helianto.eu\/nidosconectados\/wp-content\/uploads\/2020\/10\/pintails.jpg 1600w\" sizes=\"(max-width: 1024px) 100vw, 1024px\" \/>\t\t\t\t\t\t\t\t\t\t\t\t\t\t<\/div>\n\t\t\t\t\t\t<\/div>\n\t\t\t\t<\/div>\n\t\t\t\t\t\t<\/div>\n\t\t\t\t\t<\/div>\n\t\t<\/div>\n\t\t\t\t<div class=\"elementor-column elementor-col-25 elementor-top-column elementor-element elementor-element-b7682db\" data-id=\"b7682db\" data-element_type=\"column\">\n\t\t\t<div class=\"elementor-column-wrap elementor-element-populated\">\n\t\t\t\t\t\t\t<div class=\"elementor-widget-wrap\">\n\t\t\t\t\t\t<div class=\"elementor-element elementor-element-8fc15a5 elementor-widget elementor-widget-image\" data-id=\"8fc15a5\" data-element_type=\"widget\" data-widget_type=\"image.default\">\n\t\t\t\t<div class=\"elementor-widget-container\">\n\t\t\t\t\t\t\t\t<div class=\"elementor-image\">\n\t\t\t\t\t\t\t\t\t\t\t\t<img width=\"1024\" height=\"683\" src=\"http:\/\/helianto.eu\/nidosconectados\/wp-content\/uploads\/2020\/10\/6174WhiteFacedIbis-1024x683.jpg\" class=\"attachment-large size-large\" alt=\"\" loading=\"lazy\" srcset=\"http:\/\/helianto.eu\/nidosconectados\/wp-content\/uploads\/2020\/10\/6174WhiteFacedIbis-1024x683.jpg 1024w, http:\/\/helianto.eu\/nidosconectados\/wp-content\/uploads\/2020\/10\/6174WhiteFacedIbis-300x200.jpg 300w, http:\/\/helianto.eu\/nidosconectados\/wp-content\/uploads\/2020\/10\/6174WhiteFacedIbis-768x512.jpg 768w, http:\/\/helianto.eu\/nidosconectados\/wp-content\/uploads\/2020\/10\/6174WhiteFacedIbis-1536x1024.jpg 1536w, http:\/\/helianto.eu\/nidosconectados\/wp-content\/uploads\/2020\/10\/6174WhiteFacedIbis.jpg 1600w\" sizes=\"(max-width: 1024px) 100vw, 1024px\" \/>\t\t\t\t\t\t\t\t\t\t\t\t\t\t<\/div>\n\t\t\t\t\t\t<\/div>\n\t\t\t\t<\/div>\n\t\t\t\t\t\t<\/div>\n\t\t\t\t\t<\/div>\n\t\t<\/div>\n\t\t\t\t\t\t\t\t<\/div>\n\t\t\t\t\t<\/div>\n\t\t<\/section>\n\t\t\t\t<section class=\"elementor-section elementor-top-section elementor-element elementor-element-8c1a9c4 elementor-section-boxed elementor-section-height-default elementor-section-height-default\" data-id=\"8c1a9c4\" data-element_type=\"section\">\n\t\t\t\t\t\t<div class=\"elementor-container elementor-column-gap-default\">\n\t\t\t\t\t\t\t<div class=\"elementor-row\">\n\t\t\t\t\t<div class=\"elementor-column elementor-col-100 elementor-top-column elementor-element elementor-element-f30b090\" data-id=\"f30b090\" data-element_type=\"column\">\n\t\t\t<div class=\"elementor-column-wrap elementor-element-populated\">\n\t\t\t\t\t\t\t<div class=\"elementor-widget-wrap\">\n\t\t\t\t\t\t<div class=\"elementor-element elementor-element-061dcca elementor-widget-divider--view-line_icon elementor-view-default elementor-widget-divider--element-align-center elementor-widget elementor-widget-divider\" data-id=\"061dcca\" data-element_type=\"widget\" data-widget_type=\"divider.default\">\n\t\t\t\t<div class=\"elementor-widget-container\">\n\t\t\t\t\t<div class=\"elementor-divider\">\n\t\t\t<span class=\"elementor-divider-separator\">\n\t\t\t\t\t\t\t<div class=\"elementor-icon elementor-divider__element\">\n\t\t\t\t\t<i aria-hidden=\"true\" class=\"fas fa-crow\"><\/i><\/div>\n\t\t\t\t\t\t<\/span>\n\t\t<\/div>\n\t\t\t\t<\/div>\n\t\t\t\t<\/div>\n\t\t\t\t\t\t<\/div>\n\t\t\t\t\t<\/div>\n\t\t<\/div>\n\t\t\t\t\t\t\t\t<\/div>\n\t\t\t\t\t<\/div>\n\t\t<\/section>\n\t\t\t\t<section class=\"elementor-section elementor-top-section elementor-element elementor-element-5bc035d elementor-section-boxed elementor-section-height-default elementor-section-height-default\" data-id=\"5bc035d\" data-element_type=\"section\">\n\t\t\t\t\t\t<div class=\"elementor-container elementor-column-gap-default\">\n\t\t\t\t\t\t\t<div class=\"elementor-row\">\n\t\t\t\t\t<div class=\"elementor-column elementor-col-33 elementor-top-column elementor-element elementor-element-352f6c5\" data-id=\"352f6c5\" data-element_type=\"column\">\n\t\t\t<div class=\"elementor-column-wrap elementor-element-populated\">\n\t\t\t\t\t\t\t<div class=\"elementor-widget-wrap\">\n\t\t\t\t\t\t<div class=\"elementor-element elementor-element-7b6f23e elementor-widget elementor-widget-text-editor\" data-id=\"7b6f23e\" data-element_type=\"widget\" data-widget_type=\"text-editor.default\">\n\t\t\t\t<div class=\"elementor-widget-container\">\n\t\t\t\t\t\t\t\t<div class=\"elementor-text-editor elementor-clearfix\">\n\t\t\t\t<h4><b>\u00bfPor qu\u00e9 migran las aves?<\/b><\/h4><p><span style=\"font-weight: 400; color: #808080;\">El principal elemento que condiciona la permanencia o no en un lugar de las aves, es el alimento. Muchas veces existe alimento en una regi\u00f3n, pero no est\u00e1 accesible por las condiciones meteorol\u00f3gicas en ese momento: temperaturas muy bajas que hielan el agua o endurecen el suelo, sin que se pueda beber o buscar alimento en el suelo; nevadas que impiden el acceso al alimento, etc.<\/span><\/p>\t\t\t\t\t<\/div>\n\t\t\t\t\t\t<\/div>\n\t\t\t\t<\/div>\n\t\t\t\t\t\t<\/div>\n\t\t\t\t\t<\/div>\n\t\t<\/div>\n\t\t\t\t<div class=\"elementor-column elementor-col-33 elementor-top-column elementor-element elementor-element-88ac27c\" data-id=\"88ac27c\" data-element_type=\"column\">\n\t\t\t<div class=\"elementor-column-wrap elementor-element-populated\">\n\t\t\t\t\t\t\t<div class=\"elementor-widget-wrap\">\n\t\t\t\t\t\t<div class=\"elementor-element elementor-element-c88ed07 elementor-widget elementor-widget-text-editor\" data-id=\"c88ed07\" data-element_type=\"widget\" data-widget_type=\"text-editor.default\">\n\t\t\t\t<div class=\"elementor-widget-container\">\n\t\t\t\t\t\t\t\t<div class=\"elementor-text-editor elementor-clearfix\">\n\t\t\t\t<h4><b>\u00bfC\u00f3mo saben cu\u00e1ndo migrar?<\/b><\/h4><p><span style=\"font-weight: 400; color: #808080;\">El est\u00edmulo fisiol\u00f3gico primario para la migraci\u00f3n es el cambio en la duraci\u00f3n del d\u00eda. Estos cambios est\u00e1n relacionados con cambios hormonales en las aves que les llevan a una mayor actividad as\u00ed como en muchos casos a la acumulacion de grasa para disponer de reservas de energ\u00eda para el viaje.<\/span><\/p><p><span style=\"font-weight: 400; color: #808080;\">\u00a0<\/span><\/p>\t\t\t\t\t<\/div>\n\t\t\t\t\t\t<\/div>\n\t\t\t\t<\/div>\n\t\t\t\t\t\t<\/div>\n\t\t\t\t\t<\/div>\n\t\t<\/div>\n\t\t\t\t<div class=\"elementor-column elementor-col-33 elementor-top-column elementor-element elementor-element-9b7e484\" data-id=\"9b7e484\" data-element_type=\"column\">\n\t\t\t<div class=\"elementor-column-wrap elementor-element-populated\">\n\t\t\t\t\t\t\t<div class=\"elementor-widget-wrap\">\n\t\t\t\t\t\t<div class=\"elementor-element elementor-element-0b17097 elementor-widget elementor-widget-text-editor\" data-id=\"0b17097\" data-element_type=\"widget\" data-widget_type=\"text-editor.default\">\n\t\t\t\t<div class=\"elementor-widget-container\">\n\t\t\t\t\t\t\t\t<div class=\"elementor-text-editor elementor-clearfix\">\n\t\t\t\t<h4><b>\u00bfC\u00f3mo se orientan durante el viaje?<\/b><\/h4><p><span style=\"font-weight: 400; color: #808080;\">Las aves utilizan diferentes sensores para orientarse (dependiendo de cada especie), desde la br\u00fajula solar, pasando por sensores electromagn\u00e9ticos ubicados en su cabeza que les permite utilizar como referencia el campo magn\u00e9tico de la tierra.<\/span><\/p><p>\u00a0<\/p>\t\t\t\t\t<\/div>\n\t\t\t\t\t\t<\/div>\n\t\t\t\t<\/div>\n\t\t\t\t\t\t<\/div>\n\t\t\t\t\t<\/div>\n\t\t<\/div>\n\t\t\t\t\t\t\t\t<\/div>\n\t\t\t\t\t<\/div>\n\t\t<\/section>\n\t\t\t\t\t\t<\/div>\n\t\t\t\t\t\t<\/div>\n\t\t\t\t\t<\/div>\n\t\t","protected":false},"excerpt":{"rendered":"<p>La migraci\u00f3n Las aves migradoras presentan unas \u00e1reas o cuarteles de cr\u00eda en primavera-verano donde se reproducen y unas \u00e1reas de invernada donde pasan el invierno. A los desplazamientos que se producen entre ambas se les denomina movimientos o viajes migratorios. Es un fen\u00f3meno muy com\u00fan en la naturaleza y de hecho hay muchas especies &#8230; <a title=\"La migraci\u00f3n\" class=\"read-more\" href=\"http:\/\/helianto.eu\/nidosconectados\/la-migracion\/\" aria-label=\"M\u00e1s en La migraci\u00f3n\">Leer m\u00e1s<\/a><\/p>\n","protected":false},"author":1,"featured_media":0,"parent":0,"menu_order":0,"comment_status":"closed","ping_status":"closed","template":"elementor_header_footer","meta":[],"_links":{"self":[{"href":"http:\/\/helianto.eu\/nidosconectados\/wp-json\/wp\/v2\/pages\/101"}],"collection":[{"href":"http:\/\/helianto.eu\/nidosconectados\/wp-json\/wp\/v2\/pages"}],"about":[{"href":"http:\/\/helianto.eu\/nidosconectados\/wp-json\/wp\/v2\/types\/page"}],"author":[{"embeddable":true,"href":"http:\/\/helianto.eu\/nidosconectados\/wp-json\/wp\/v2\/users\/1"}],"replies":[{"embeddable":true,"href":"http:\/\/helianto.eu\/nidosconectados\/wp-json\/wp\/v2\/comments?post=101"}],"version-history":[{"count":14,"href":"http:\/\/helianto.eu\/nidosconectados\/wp-json\/wp\/v2\/pages\/101\/revisions"}],"predecessor-version":[{"id":483,"href":"http:\/\/helianto.eu\/nidosconectados\/wp-json\/wp\/v2\/pages\/101\/revisions\/483"}],"wp:attachment":[{"href":"http:\/\/helianto.eu\/nidosconectados\/wp-json\/wp\/v2\/media?parent=101"}],"curies":[{"name":"wp","href":"https:\/\/api.w.org\/{rel}","templated":true}]}}